{"id":991,"date":"2020-05-21T10:01:27","date_gmt":"2020-05-21T10:01:27","guid":{"rendered":"https:\/\/nomineconsult.com\/home\/"},"modified":"2026-02-11T11:12:06","modified_gmt":"2026-02-11T08:12:06","slug":"home","status":"publish","type":"page","link":"https:\/\/nomineconsult.com\/lt\/","title":{"rendered":"Pagrindinis"},"content":{"rendered":"<div class=\"wpb-content-wrapper\">[vc_row full_width=&#8221;stretch_row&#8221; css=&#8221;.vc_custom_1590135395845{margin-top: 50px !important;}&#8221;][vc_column]<div class=\"vcex-module vcex-divider vcex-divider-solid vcex-divider-center wpex-mx-auto wpex-max-w-100 wpex-block wpex-h-0 wpex-border-b wpex-border-solid wpex-border-main\" style=\"width:100%;border-bottom-width:2px;border-color:#4f326c;\"><\/div>[vc_column_text text_align=&#8221;center&#8221; font_size=&#8221;25&#8243; color=&#8221;#4f326c&#8221;]\n<p style=\"text-align: center;\"><strong>Nuo 1993 met\u0173 konsultuojame energetikos bei aplinkosaugos klausimais, teikiame u\u017esakovo in\u017einieriaus ir \u0161iltnamio efekt\u0105 sukelian\u010di\u0173 duj\u0173 apskaitos ataskait\u0173 tikrinimo paslaugas<\/strong><\/p>\n[\/vc_column_text]<div class=\"vcex-module vcex-divider vcex-divider-solid vcex-divider-center wpex-mx-auto wpex-max-w-100 wpex-block wpex-h-0 wpex-border-b wpex-border-solid wpex-border-main\" style=\"width:100%;border-bottom-width:2px;border-color:#4f326c;\"><\/div>[\/vc_column][\/vc_row][vc_row full_width=&#8221;stretch_row&#8221; wpex_shape_divider_top=&#8221;arrow&#8221; wpex_bg_overlay=&#8221;color&#8221; wpex_shape_divider_top_color=&#8221;#ffffff&#8221; wpex_shape_divider_top_height=&#8221;50&#8243; wpex_shape_divider_top_width=&#8221;100&#8243; css=&#8221;.vc_custom_1611228115500{background: rgba(79,50,108,0.16) url(https:\/\/nomineconsult.com\/wp-content\/uploads\/2021\/01\/shutterstock_185982785-1920.jpg?id=777) !important;background-position: center !important;background-repeat: no-repeat !important;background-size: cover !important;*background-color: rgb(79,50,108) !important;}&#8221; wpex_shape_divider_top_visibility=&#8221;visible-desktop&#8221; wpex_bg_overlay_color=&#8221;#ffffff&#8221;][vc_column][vc_empty_space height=&#8221;70&#8243;]<style>.vcex-heading.vcex_69dfc182a9f4d{color:#4f326c;font-size:35px;}<\/style><div class=\"vcex-heading vcex-heading-plain vcex-module wpex-heading wpex-text-2xl wpex-text-center vcex_69dfc182a9f4d\"><span class=\"vcex-heading-inner wpex-inline-block\">Paslaugos<\/span><\/div><div class=\"vcex-module vcex-divider-dots wpex-mx-auto wpex-last-mr-0 wpex-text-center\"><span class=\"wpex-inline-block wpex-rounded-full wpex-mr-10\" style=\"background:#4f326c;\"><\/span><span class=\"wpex-inline-block wpex-rounded-full wpex-mr-10\" style=\"background:#4f326c;\"><\/span><span class=\"wpex-inline-block wpex-rounded-full wpex-mr-10\" style=\"background:#4f326c;\"><\/span><span class=\"wpex-inline-block wpex-rounded-full wpex-mr-10\" style=\"background:#4f326c;\"><\/span><span class=\"wpex-inline-block wpex-rounded-full wpex-mr-10\" style=\"background:#4f326c;\"><\/span><\/div>[vc_empty_space height=&#8221;40&#8243;][vc_row_inner equal_height=&#8221;yes&#8221;][vc_column_inner width=&#8221;1\/2&#8243;]<style>.vcex-icon-box.vcex_69dfc182aa7b3 .vcex-icon-box-icon{font-size:40px;color:#4f326c;border-radius:50%;}<\/style><a class=\"vcex-module vcex-icon-box vcex-icon-box-two vcex-icon-box-has-link wpex-inherit-color wpex-no-underline wpex-block wpex-text-center hvr hvr-float vc_custom_1645959077933 vcex_69dfc182aa7b3\" href=\"\/lt\/services\/energy\"><div class=\"vcex-icon-box-symbol vcex-icon-box-symbol--image wpex-mb-20\"><img width=\"2049\" height=\"1153\" src=\"https:\/\/nomineconsult.com\/wp-content\/uploads\/2022\/02\/energy-169.jpg\" class=\"vcex-icon-box-image wpex-align-middle\" alt=\"\" loading=\"lazy\" decoding=\"async\" srcset=\"https:\/\/nomineconsult.com\/wp-content\/uploads\/2022\/02\/energy-169.jpg 2049w, https:\/\/nomineconsult.com\/wp-content\/uploads\/2022\/02\/energy-169-300x169.jpg 300w, https:\/\/nomineconsult.com\/wp-content\/uploads\/2022\/02\/energy-169-1024x576.jpg 1024w, https:\/\/nomineconsult.com\/wp-content\/uploads\/2022\/02\/energy-169-768x432.jpg 768w, https:\/\/nomineconsult.com\/wp-content\/uploads\/2022\/02\/energy-169-1536x864.jpg 1536w\" sizes=\"auto, (max-width: 2049px) 100vw, 2049px\" \/><\/div><div class=\"vcex-icon-box-text\"><h2 class=\"vcex-icon-box-heading wpex-heading wpex-text-md wpex-mb-10\">Energetikos konsultacijos<\/h2><div class=\"vcex-icon-box-content wpex-last-mb-0 wpex-clr\"><p style=\"text-align: justify\">Nuo pat \u012fmon\u0117s \u012fk\u016brimo 1993 metais energetika buvo pagrindin\u0117 m\u016bs\u0173 veiklos sritis. M\u016bs\u0173 tikslas \u2013 pad\u0117ti savo klientams ne tik dideli\u0173, ta\u010diau ir ma\u017eesni\u0173 su energetika susijusias problem\u0173, kurios gali i\u0161kilti \u012fvairiuose projekto vystymo etapuose, sprendimuose. Kompetentingi m\u016bs\u0173 specialistai klientus konsultuoja ne\u0161ali\u0161kai,\u00a0 pirmenyb\u0119 teikdami inovatyviems su energetika susijusi\u0173 problem\u0173 sprendimo b\u016bdams. Did\u017eiuojam\u0117s ne tik b\u016bdami, ta\u010diau ir i\u0161likdami pirmuoju pasirinkimu energetikos srityje.<\/p>\n<\/div><\/div><\/a><style>.vcex-icon-box.vcex_69dfc182ab2ed .vcex-icon-box-icon{font-size:40px;color:#4f326c;}<\/style><a class=\"vcex-module vcex-icon-box vcex-icon-box-two vcex-icon-box-has-link wpex-inherit-color wpex-no-underline wpex-block wpex-text-center hvr hvr-float vc_custom_1668681745672 vcex_69dfc182ab2ed\" href=\"\/lt\/services\/owners-engineering-services\"><div class=\"vcex-icon-box-symbol vcex-icon-box-symbol--image wpex-mb-20\"><img width=\"2048\" height=\"1152\" src=\"https:\/\/nomineconsult.com\/wp-content\/uploads\/2022\/02\/engineer-169.jpg\" class=\"vcex-icon-box-image wpex-align-middle\" alt=\"\" loading=\"lazy\" decoding=\"async\" srcset=\"https:\/\/nomineconsult.com\/wp-content\/uploads\/2022\/02\/engineer-169.jpg 2048w, https:\/\/nomineconsult.com\/wp-content\/uploads\/2022\/02\/engineer-169-300x169.jpg 300w, https:\/\/nomineconsult.com\/wp-content\/uploads\/2022\/02\/engineer-169-1024x576.jpg 1024w, https:\/\/nomineconsult.com\/wp-content\/uploads\/2022\/02\/engineer-169-768x432.jpg 768w, https:\/\/nomineconsult.com\/wp-content\/uploads\/2022\/02\/engineer-169-1536x864.jpg 1536w\" sizes=\"auto, (max-width: 2048px) 100vw, 2048px\" \/><\/div><div class=\"vcex-icon-box-text\"><h2 class=\"vcex-icon-box-heading wpex-heading wpex-text-md wpex-mb-10\">U\u017esakovo in\u017einieriaus paslaugos<\/h2><div class=\"vcex-icon-box-content wpex-last-mb-0 wpex-clr\"><p style=\"text-align: justify\">U\u017esakovo in\u017einieriaus ir projekt\u0173 valdymo konsultacines paslaugas teikiame nuo 2001 met\u0173, kai prasid\u0117jo did\u017ei\u0173j\u0173 energijos generavimo \u012frengini\u0173 atnaujinimas, o biokuru k\u016brenamos kogeneracin\u0117s elektrin\u0117s bei \u0161ilumin\u0117s katilin\u0117s jau buvo id\u0117jiniame lygmenyje. M\u016bs\u0173 komandos specialistai nuolat dalyvauja \u012fvairi\u0173 elektrini\u0173 bei \u0161ilumini\u0173 katilini\u0173 statybos projektuose. Tai leid\u017eia mums tobul\u0117ti ir pl\u0117sti savo kompetencijas. \u012egytos ilgamet\u0117s patirtie d\u0117ka galime pasi\u016blyti auk\u0161tos kokyb\u0117s projekto valdymo ir technin\u0117s prie\u017ei\u016bros paslaugas (bendrastatybiniai darbai, specialieji darbai &#8211; elektra, automatika, mechanin\u0117 dalis, darb\u0173 sauga). M\u016bs\u0173 projekt\u0173 valdymo geb\u0117jimai buvo \u012frodyti \u012fvairiuose EPCM (angl. <em>engineering, procurement, construction management<\/em>) projektuose Baltijos \u0161alyse ir u\u017esienyje.<\/p>\n<\/div><\/div><\/a>[\/vc_column_inner][vc_column_inner width=&#8221;1\/2&#8243;]<style>.vcex-icon-box.vcex_69dfc182abd18 .vcex-icon-box-icon{font-size:40px;color:#4f326c;}<\/style><a class=\"vcex-module vcex-icon-box vcex-icon-box-two vcex-icon-box-has-link wpex-inherit-color wpex-no-underline wpex-block wpex-text-center hvr hvr-float vc_custom_1646048352342 vcex_69dfc182abd18\" href=\"\/lt\/services\/environmental-advisory\"><div class=\"vcex-icon-box-symbol vcex-icon-box-symbol--image wpex-mb-20\"><img width=\"2048\" height=\"1152\" src=\"https:\/\/nomineconsult.com\/wp-content\/uploads\/2022\/02\/env16-19.jpg\" class=\"vcex-icon-box-image wpex-align-middle\" alt=\"\" loading=\"lazy\" decoding=\"async\" srcset=\"https:\/\/nomineconsult.com\/wp-content\/uploads\/2022\/02\/env16-19.jpg 2048w, https:\/\/nomineconsult.com\/wp-content\/uploads\/2022\/02\/env16-19-300x169.jpg 300w, https:\/\/nomineconsult.com\/wp-content\/uploads\/2022\/02\/env16-19-1024x576.jpg 1024w, https:\/\/nomineconsult.com\/wp-content\/uploads\/2022\/02\/env16-19-768x432.jpg 768w, https:\/\/nomineconsult.com\/wp-content\/uploads\/2022\/02\/env16-19-1536x864.jpg 1536w\" sizes=\"auto, (max-width: 2048px) 100vw, 2048px\" \/><\/div><div class=\"vcex-icon-box-text\"><h2 class=\"vcex-icon-box-heading wpex-heading wpex-text-md wpex-mb-10\">Aplinkosaugos konsultacijos<\/h2><div class=\"vcex-icon-box-content wpex-last-mb-0 wpex-clr\"><p style=\"text-align: justify\">Aplinkosaugos konsultavimo paslaugas savo klientams teikiame nuo 1994 met\u0173. Nuolat tobul\u0117jame ir ple\u010diame savo teikiam\u0173 paslaug\u0173 spektr\u0105. Atliekame poveikio visuomen\u0117s sveikatai ir aplinkai vertinimus, aplinkosauginius patikrinimus ir auditus, oro tar\u0161os, triuk\u0161mo, kvap\u0173 sklaidos vertinimus, taip pat v\u0117jo j\u0117gaini\u0173 sukeliamo triuk\u0161mo ir \u0161e\u0161\u0117liavimo prognozes, ruo\u0161iame parai\u0161kas tar\u0161os integruotos prevencijos ir kontrol\u0117s (TIPK) bei tar\u0161os leidimams gauti. M\u016bs\u0173 kvalifikuoti specialistai pad\u0117s jums susid\u016brus su \u012fvairiais aplinkosauginiais i\u0161\u0161\u016bkiais.<\/p>\n<\/div><\/div><\/a><style>.vcex-icon-box.vcex_69dfc182ac882 .vcex-icon-box-icon{font-size:40px;color:#4f326c;}<\/style><a class=\"vcex-module vcex-icon-box vcex-icon-box-two vcex-icon-box-has-link wpex-inherit-color wpex-no-underline wpex-block wpex-text-center hvr hvr-float vc_custom_1668681902946 vcex_69dfc182ac882\" href=\"\/lt\/services\/greenhouse-gas-emission-reports-verification\"><div class=\"vcex-icon-box-symbol vcex-icon-box-symbol--image wpex-mb-20\"><img width=\"2048\" height=\"1152\" src=\"https:\/\/nomineconsult.com\/wp-content\/uploads\/2022\/02\/khg-169.jpg\" class=\"vcex-icon-box-image wpex-align-middle\" alt=\"\" loading=\"lazy\" decoding=\"async\" srcset=\"https:\/\/nomineconsult.com\/wp-content\/uploads\/2022\/02\/khg-169.jpg 2048w, https:\/\/nomineconsult.com\/wp-content\/uploads\/2022\/02\/khg-169-300x169.jpg 300w, https:\/\/nomineconsult.com\/wp-content\/uploads\/2022\/02\/khg-169-1024x576.jpg 1024w, https:\/\/nomineconsult.com\/wp-content\/uploads\/2022\/02\/khg-169-768x432.jpg 768w, https:\/\/nomineconsult.com\/wp-content\/uploads\/2022\/02\/khg-169-1536x864.jpg 1536w\" sizes=\"auto, (max-width: 2048px) 100vw, 2048px\" \/><\/div><div class=\"vcex-icon-box-text\"><h2 class=\"vcex-icon-box-heading wpex-heading wpex-text-md wpex-mb-10\">\u0160iltnamio efekt\u0105 sukelian\u010di\u0173 duj\u0173 apskaitos ataskait\u0173 tikrinimo paslaugos<\/h2><div class=\"vcex-icon-box-content wpex-last-mb-0 wpex-clr\"><p style=\"text-align: justify\">Nomine Consult O\u00dc yra oficiali \u0161iltnamio efekt\u0105 sukelian\u010di\u0173 duj\u0173 (\u0160ESD) apskaitos ataskait\u0173 tikrinimo \u012fstaiga, kuri\u0105 2012 m. akreditavo Estijos akreditavimo centras. Akredituota sritis\u2013\u0160ESD apskaitos ataskait\u0173 tikrinimas pagal Atmosferos oro apsaugos akt\u0105, ES ATLPS direktyv\u0105 2003\/87\/EB ir Komisijos Reglament\u0105 (ES) 2018\/2067 veiklos kategorijose: 1a (kuro deginimas \u012frenginiuose, kuriuose naudojamas tik komercinis standartinis kuras, kaip ir apibr\u0117\u017eta Reglamente (ES) 2018\/2066, arba, kai naudojamos gamtin\u0117s dujos A arba B kategorijos \u012frenginiuose), 1b (kuro deginimas \u012frenginiuose, be apribojim\u0173), 2 (mineralin\u0117s alyvos perdirbimas), 6 (kalki\u0173 gamyba) ir 98 (kita veikla pagal Direktyvos 2003\/87\/EB 10a straipsn\u012f).<\/p>\n<\/div><\/div><\/a>[\/vc_column_inner][\/vc_row_inner][\/vc_column][\/vc_row][vc_row css=&#8221;.vc_custom_1590080709360{margin-top: 50px !important;}&#8221;][vc_column]<style>.vcex-heading.vcex_69dfc182ad122{color:#4f326c;font-size:35px;}<\/style><div class=\"vcex-heading vcex-heading-plain vcex-module wpex-heading wpex-text-2xl wpex-text-center vcex_69dfc182ad122\"><span class=\"vcex-heading-inner wpex-inline-block\">Apie mus<\/span><\/div><style> style=\"padding-block-end:30px;\"<\/style><div class=\"vcex-module vcex-divider-dots wpex-mx-auto wpex-last-mr-0 wpex-text-center\" style=\"padding-block-end:30px;\"><span class=\"wpex-inline-block wpex-rounded-full wpex-mr-10\" style=\"background:#4f326c;\"><\/span><span class=\"wpex-inline-block wpex-rounded-full wpex-mr-10\" style=\"background:#4f326c;\"><\/span><span class=\"wpex-inline-block wpex-rounded-full wpex-mr-10\" style=\"background:#4f326c;\"><\/span><span class=\"wpex-inline-block wpex-rounded-full wpex-mr-10\" style=\"background:#4f326c;\"><\/span><span class=\"wpex-inline-block wpex-rounded-full wpex-mr-10\" style=\"background:#4f326c;\"><\/span><\/div>[vc_column_text css=&#8221;&#8221;]\n<p style=\"text-align: justify;\">\u201cNomine Consult\u201d \u2013 tai in\u017einerin\u0117 ir konsultacin\u0117 \u012fmon\u0117, turinti biurus Taline ir V\u00f5ru (Estija) bei Vilniuje (Lietuva). \u012emon\u0117s veikla prasid\u0117jo 1993 m. Taline, o 2006 metais startavo ir Vilniuje. 2017 m. \u012fmon\u0117 buvo pavadinta \u201cNomine Consult\u201d, o 2025 m. baland\u012f prisijung\u0117 prie \u201cElomatic Group\u201d.<\/p>\n<p style=\"text-align: justify;\">M\u016bs\u0173 biuruose Estijoje ir Lietuvoje dirba daugiau nei 30 profesionali\u0173 ir patyrusi\u0173 \u0161ilumin\u0117s energijos, elektros, mechanikos, statybos ir aplinkos in\u017einieri\u0173 bei konsultant\u0173 komanda. Abiejose \u0161alyse esame gerai \u017einomi ir pripa\u017einti profesional\u016bs in\u017einerini\u0173-konsultacini\u0173 paslaug\u0173 teik\u0117jai.<\/p>\n<p style=\"text-align: justify;\">Savo klientams si\u016blome energetikos ir aplinkosaugos konsultacijas, savininko in\u017einieriaus, projekt\u0173 valdymo, statyb\u0173 technin\u0117s prie\u017ei\u016bros paslaugas ir \u0161iltnamio efekt\u0105 sukelian\u010di\u0173 duj\u0173 emisij\u0173 ataskait\u0173 audit\u0105. M\u016bs\u0173 veikla grind\u017eiama auk\u0161ta profesine kompetencija, atsakomybe ir ai\u0161kiais kokyb\u0117s standartais.<\/p>\n<p style=\"text-align: justify;\">Klientai renkasi \u201eNomine Consult\u201c d\u0117l m\u016bs\u0173 pagrindini\u0173 vertybi\u0173 \u2013 verslo etikos, nepriklausomumo, ne\u0161ali\u0161kumo, punktualumo, konfidencialumo ir tvarumo.<\/p>\n<p style=\"text-align: justify;\">\u012emon\u0117s kokyb\u0117s ir aplinkosaugos vadybos sistemos atitinka ISO 9001:2015 ir ISO 14001:2015 standart\u0173 reikalavimus. \u201eNomine Consult\u201c yra sertifikuota \u201eKiwa Estonia O\u00dc\u201c.<\/p>\n[\/vc_column_text][\/vc_column][\/vc_row]\n<\/div>","protected":false},"excerpt":{"rendered":"<p>[vc_row full_width=&#8221;stretch_row&#8221; css=&#8221;.vc_custom_1590135395845{margin-top: 50px !important;}&#8221;][vc_column][vc_column_text text_align=&#8221;center&#8221; font_size=&#8221;25&#8243; color=&#8221;#4f326c&#8221;] Nuo 1993 met\u0173 konsultuojame energetikos bei aplinkosaugos klausimais, teikiame u\u017esakovo in\u017einieriaus ir \u0161iltnamio efekt\u0105 sukelian\u010di\u0173 duj\u0173 apskaitos ataskait\u0173 tikrinimo paslaugas [\/vc_column_text][\/vc_column][\/vc_row][vc_row full_width=&#8221;stretch_row&#8221; wpex_shape_divider_top=&#8221;arrow&#8221; wpex_bg_overlay=&#8221;color&#8221; wpex_shape_divider_top_color=&#8221;#ffffff&#8221; wpex_shape_divider_top_height=&#8221;50&#8243; wpex_shape_divider_top_width=&#8221;100&#8243; css=&#8221;.vc_custom_1611228115500{background: rgba(79,50,108,0.16) url(https:\/\/nomineconsult.com\/wp-content\/uploads\/2021\/01\/shutterstock_185982785-1920.jpg?id=777) !important;background-position: center !important;background-repeat: no-repeat !important;background-size: cover !important;*background-color: rgb(79,50,108) !important;}&#8221; wpex_shape_divider_top_visibility=&#8221;visible-desktop&#8221; wpex_bg_overlay_color=&#8221;#ffffff&#8221;][vc_column][vc_empty_space height=&#8221;70&#8243;][vc_empty_space height=&#8221;40&#8243;][vc_row_inner equal_height=&#8221;yes&#8221;][vc_column_inner width=&#8221;1\/2&#8243;][\/vc_column_inner][vc_column_inner width=&#8221;1\/2&#8243;][\/vc_column_inner][\/vc_row_inner][\/vc_column][\/vc_row][vc_row css=&#8221;.vc_custom_1590080709360{margin-top:&hellip;<\/p>\n","protected":false},"author":1,"featured_media":0,"parent":0,"menu_order":0,"comment_status":"closed","ping_status":"closed","template":"","meta":{"footnotes":""},"class_list":["post-991","page","type-page","status-publish","hentry","entry","no-media"],"_links":{"self":[{"href":"https:\/\/nomineconsult.com\/lt\/wp-json\/wp\/v2\/pages\/991","targetHints":{"allow":["GET"]}}],"collection":[{"href":"https:\/\/nomineconsult.com\/lt\/wp-json\/wp\/v2\/pages"}],"about":[{"href":"https:\/\/nomineconsult.com\/lt\/wp-json\/wp\/v2\/types\/page"}],"author":[{"embeddable":true,"href":"https:\/\/nomineconsult.com\/lt\/wp-json\/wp\/v2\/users\/1"}],"replies":[{"embeddable":true,"href":"https:\/\/nomineconsult.com\/lt\/wp-json\/wp\/v2\/comments?post=991"}],"version-history":[{"count":56,"href":"https:\/\/nomineconsult.com\/lt\/wp-json\/wp\/v2\/pages\/991\/revisions"}],"predecessor-version":[{"id":2219,"href":"https:\/\/nomineconsult.com\/lt\/wp-json\/wp\/v2\/pages\/991\/revisions\/2219"}],"wp:attachment":[{"href":"https:\/\/nomineconsult.com\/lt\/wp-json\/wp\/v2\/media?parent=991"}],"curies":[{"name":"wp","href":"https:\/\/api.w.org\/{rel}","templated":true}]}}