{"id":985,"date":"2020-05-21T12:25:13","date_gmt":"2020-05-21T09:25:13","guid":{"rendered":"https:\/\/nomineconsult.com\/about-us\/"},"modified":"2026-02-11T11:13:27","modified_gmt":"2026-02-11T08:13:27","slug":"about-us","status":"publish","type":"page","link":"https:\/\/nomineconsult.com\/lt\/about-us\/","title":{"rendered":"Apie mus"},"content":{"rendered":"<div class=\"wpb-content-wrapper\">[vc_row][vc_column][vc_column_text css=&#8221;&#8221;]\n<h1 style=\"text-align: justify;\">Kas mes esame<\/h1>\n<p style=\"text-align: justify;\">\u201cNomine Consult\u201d \u2013 tai in\u017einerin\u0117 ir konsultacin\u0117 \u012fmon\u0117, turinti biurus Taline ir V\u00f5ru (Estija) bei Vilniuje (Lietuva). \u012emon\u0117s veikla prasid\u0117jo 1993 m. Taline, o 2006 metais startavo ir Vilniuje. 2017 m. \u012fmon\u0117 buvo pavadinta \u201cNomine Consult\u201d, o 2025 m. baland\u012f prisijung\u0117 prie \u201cElomatic Group\u201d.<\/p>\n<p style=\"text-align: justify;\">M\u016bs\u0173 biuruose Estijoje ir Lietuvoje dirba daugiau nei 30 profesionali\u0173 ir patyrusi\u0173 \u0161ilumin\u0117s energijos, elektros, mechanikos, statybos ir aplinkos in\u017einieri\u0173 bei konsultant\u0173 komanda. Abiejose \u0161alyse esame gerai \u017einomi ir pripa\u017einti profesional\u016bs in\u017einerini\u0173-konsultacini\u0173 paslaug\u0173 teik\u0117jai.<\/p>\n<p style=\"text-align: justify;\">Savo klientams si\u016blome energetikos ir aplinkosaugos konsultacijas, savininko in\u017einieriaus, projekt\u0173 valdymo, statyb\u0173 technin\u0117s prie\u017ei\u016bros paslaugas ir \u0161iltnamio efekt\u0105 sukelian\u010di\u0173 duj\u0173 emisij\u0173 ataskait\u0173 audit\u0105. M\u016bs\u0173 veikla grind\u017eiama auk\u0161ta profesine kompetencija, atsakomybe ir ai\u0161kiais kokyb\u0117s standartais.<\/p>\n<p style=\"text-align: justify;\">Klientai renkasi \u201eNomine Consult\u201c d\u0117l m\u016bs\u0173 pagrindini\u0173 vertybi\u0173 \u2013 verslo etikos, nepriklausomumo, ne\u0161ali\u0161kumo, punktualumo, konfidencialumo ir tvarumo.<\/p>\n<p style=\"text-align: justify;\">\u012emon\u0117s kokyb\u0117s ir aplinkosaugos vadybos sistemos atitinka ISO 9001:2015 ir ISO 14001:2015 standart\u0173 reikalavimus. \u201eNomine Consult\u201c yra sertifikuota \u201eKiwa Estonia O\u00dc\u201c.<\/p>\n[\/vc_column_text][vc_column_text css=&#8221;.vc_custom_1668682414677{margin-top: 20px !important;}&#8221;]\n<h1 style=\"text-align: justify;\">M\u016bs\u0173 misija<\/h1>\n<p style=\"text-align: justify;\">Nomine Consult provides competent, unbiased and innovative advisory and engineering services in the fields of energy and the environment.<\/p>\n[\/vc_column_text][vc_column_text css=&#8221;.vc_custom_1668682454619{margin-top: 20px !important;}&#8221;]\n<h1 style=\"text-align: justify;\">M\u016bs\u0173 pagrindin\u0117s vertyb\u0117s<\/h1>\n<ul>\n<li>Quality, competence and sustainability;<\/li>\n<li>Flexibility, honesty and impartiality;<\/li>\n<li>Operating according to valid legal acts and rules;<\/li>\n<li>Orientation towards the achievement of established goals;<\/li>\n<li>Safe working conditions and making conscious decisions towards the environment;<\/li>\n<li>Continuous improvement of quality and environmental management systems.<\/li>\n<\/ul>\n[\/vc_column_text][vc_column_text css=&#8221;.vc_custom_1668682498095{margin-top: 20px !important;}&#8221;]\n<h1 style=\"text-align: justify;\">M\u016bs\u0173 prek\u0117s \u017eenklo istorija<\/h1>\n<div class=\"cB-h entry_title\" style=\"text-align: justify;\"><em>In nomine <\/em>comes in origin from Latin and means <em>in the name of.<\/em><\/div>\n<p style=\"text-align: justify;\">Our name reflects that<\/p>\n<ul style=\"text-align: justify;\">\n<li>we at Nomine want to be <em>nominated<\/em> by our clients as their partner<\/li>\n<li>usually we act <em>in the name of<\/em> of our clients<\/li>\n<li>we are <em>named<\/em> by our partners as reliable, honest and punctual<\/li>\n<\/ul>\n<p style=\"text-align: justify;\">&#8222;Nomine Consult&#8221; brand is registered trade mark.<\/p>\n[\/vc_column_text][vc_column_text css=&#8221;.vc_custom_1668682537284{margin-top: 20px !important;}&#8221;]\n<h1>Kod\u0117l mus?<\/h1>\n<ul>\n<li>EXPERIENCE<strong> &#8211; <\/strong>we started 1993 &#8211; 3 decades of continuous service;<\/li>\n<li>PROFESSIONALITY AND COMPETENCE<strong> &#8211; <\/strong>if to add skills with long experience and continuous learning ability;<\/li>\n<li>INDEPENDENCE and IMPARTIALITY<strong> &#8211; <\/strong>we do not have connections to any equipment producer, supplier or any other interest group;<\/li>\n<li>QUALITY<strong> &#8211; <\/strong>we have never advertised our services, our work results has been speaking for us instead;<\/li>\n<li>HONESTY, ACCURACY and RELIABILITY<strong> &#8211; <\/strong>at first advisor sells trust, which is hard to achieve but easy to lost;<\/li>\n<li>CONFIDENTIALITY<strong> &#8211; <\/strong>we do not chat about our clients&#8217; business;<\/li>\n<li>KEEPING PROMISES<strong> &#8211; <\/strong>we say what we think and we do what we say.<\/li>\n<\/ul>\n[\/vc_column_text][vc_column_text css=&#8221;.vc_custom_1668682610798{margin-top: 20px !important;}&#8221;]Ateitis. Konsultavo nuo 1993 m.[\/vc_column_text][vc_column_text][\/vc_column_text][\/vc_column][\/vc_row]\n<\/div>","protected":false},"excerpt":{"rendered":"<p>[vc_row][vc_column][vc_column_text css=&#8221;&#8221;] Kas mes esame \u201cNomine Consult\u201d \u2013 tai in\u017einerin\u0117 ir konsultacin\u0117 \u012fmon\u0117, turinti biurus Taline ir V\u00f5ru (Estija) bei Vilniuje (Lietuva). \u012emon\u0117s veikla prasid\u0117jo 1993 m. Taline, o 2006 metais startavo ir Vilniuje. 2017 m. \u012fmon\u0117 buvo pavadinta \u201cNomine Consult\u201d, o 2025 m. baland\u012f prisijung\u0117 prie \u201cElomatic Group\u201d. M\u016bs\u0173 biuruose Estijoje ir Lietuvoje dirba&hellip;<\/p>\n","protected":false},"author":3,"featured_media":0,"parent":0,"menu_order":0,"comment_status":"closed","ping_status":"closed","template":"","meta":{"footnotes":""},"class_list":["post-985","page","type-page","status-publish","hentry","entry","no-media"],"_links":{"self":[{"href":"https:\/\/nomineconsult.com\/lt\/wp-json\/wp\/v2\/pages\/985","targetHints":{"allow":["GET"]}}],"collection":[{"href":"https:\/\/nomineconsult.com\/lt\/wp-json\/wp\/v2\/pages"}],"about":[{"href":"https:\/\/nomineconsult.com\/lt\/wp-json\/wp\/v2\/types\/page"}],"author":[{"embeddable":true,"href":"https:\/\/nomineconsult.com\/lt\/wp-json\/wp\/v2\/users\/3"}],"replies":[{"embeddable":true,"href":"https:\/\/nomineconsult.com\/lt\/wp-json\/wp\/v2\/comments?post=985"}],"version-history":[{"count":6,"href":"https:\/\/nomineconsult.com\/lt\/wp-json\/wp\/v2\/pages\/985\/revisions"}],"predecessor-version":[{"id":2220,"href":"https:\/\/nomineconsult.com\/lt\/wp-json\/wp\/v2\/pages\/985\/revisions\/2220"}],"wp:attachment":[{"href":"https:\/\/nomineconsult.com\/lt\/wp-json\/wp\/v2\/media?parent=985"}],"curies":[{"name":"wp","href":"https:\/\/api.w.org\/{rel}","templated":true}]}}