{"id":974,"date":"2020-05-21T13:32:16","date_gmt":"2020-05-21T10:32:16","guid":{"rendered":"https:\/\/nomineconsult.com\/services\/energy-advisory\/"},"modified":"2022-11-23T15:14:45","modified_gmt":"2022-11-23T12:14:45","slug":"energy-advisory","status":"publish","type":"page","link":"https:\/\/nomineconsult.com\/lt\/services\/energy-advisory\/","title":{"rendered":"Energetikos konsultacijos"},"content":{"rendered":"<div class=\"wpb-content-wrapper\">[vc_row][vc_column][vc_column_text]\n<h1>I\u0161ankstin\u0117s ir galimybi\u0173 studijos<\/h1>\n<p style=\"text-align: justify;\">Pre-feasibility and feasibility study are an integral part of each energy sector development project. Profitability calculations are used to determine economic substance of various solutions and these have decisive role upon making a choices between various technical concepts or solution possibilities during the course of the project development process.<\/p>\n[\/vc_column_text][\/vc_column][\/vc_row][vc_row][vc_column][vc_tta_accordion active_section=&#8221;9999&#8243; collapsible_all=&#8221;true&#8221;][vc_tta_section title=&#8221;Atlikti darbai&#8221; tab_id=&#8221;1602500686905-b305a024-f260&#8243;][vc_column_text]\n<ul>\n<li>Feasibility study of the floating LNG terminal. Confidential client, 2021, Estonia<\/li>\n<li>Feasibility study for Thermo-Modernization of Public Buildings in the City of Kamyanske, Ukraine. NEFCO FUTF , Finland, 2020<\/li>\n<li>Waste heat utilisation pre-feasibility study for Harku Server House, MCF Estonia O\u00dc, 2019, Estonia<\/li>\n<li>Waste-to-Energy feasibility study for Latvian city. Fortum Latvia SIA, 2019, Latvia<\/li>\n<li>Pre-feasibility study of the Estonia underground mine pumped storage power plant. Eesti Energia AS, 2018, Estonia<\/li>\n<\/ul>\n[\/vc_column_text][\/vc_tta_section][\/vc_tta_accordion][\/vc_column][\/vc_row][vc_row][vc_column][vc_column_text]\n<h1>Technin\u0117s koncepcijos k\u016brimas<\/h1>\n<p style=\"text-align: justify;\">Technical concept is an essence of every energy sector project development. Such a concept development, sometimes called also as pre-engineering study, idea is to create and describe possible technical solution(s) in order to set main parameters and dimensions of the photovoltaic, wind or conventional power plant, boiler house, factory or any other structure. Timely and well prepared technical concept saves a lot of expenses during next phases of development.<\/p>\n[\/vc_column_text][\/vc_column][\/vc_row][vc_row][vc_column][vc_tta_accordion active_section=&#8221;9999&#8243; collapsible_all=&#8221;true&#8221;][vc_tta_section title=&#8221;Atlikti darbai&#8221; tab_id=&#8221;1602500683597-09f9078a-fcd6&#8243;][vc_column_text]\n<ul>\n<li>P\u00e4rnu CHP plant alternative fuel co-incineration concept development. Fortum Eesti AS, 2020, Estonia<\/li>\n<li>Broceni bio-fuelled CHP island mode operation technical concept development. Latvia, 2018<\/li>\n<li>Development of technical alternatives for Waste-to-Energy project for Latvian city. Fortum Latvia SIA, 2018<\/li>\n<li>Review of the conceptual study of Paldiski seawater pumped storage hydropower plant. Energiasalv Pakri O\u00dc, 2017, Estonia<\/li>\n<li>Industrial waste heat utilisation possibilities concept development. Eesti Energia AS, 2016, Estonia<\/li>\n<\/ul>\n[\/vc_column_text][\/vc_tta_section][\/vc_tta_accordion][\/vc_column][\/vc_row][vc_row][vc_column][vc_column_text]\n<h1>Energetikos planai, rinkos tyrimai ir analiz\u0117s<\/h1>\n<p style=\"text-align: justify;\">Energy use and development plan at state, county and municipality level gives a comprehensive overview about the current status and provides development targets and paths to decision-making levels. Our different market studies have assessed regional fuel resources, organisation of energy market, legal background, development perspectives and market potential, investment priorities and business opportunities.<\/p>\n[\/vc_column_text][\/vc_column][\/vc_row][vc_row][vc_column][vc_tta_accordion active_section=&#8221;9999&#8243; collapsible_all=&#8221;true&#8221;][vc_tta_section title=&#8221;Atlikti darbai&#8221; tab_id=&#8221;1602502684619-e6337531-12a5&#8243;][vc_column_text]\n<ul>\n<li>Hydrogen roadmap for Keila city. 2021, Estonia<\/li>\n<li>DG REGIO Ex-post evaluation of major projects supported by the European Regional Development Fund (ERDF) and Cohesion Fund between 2000 and 2013. 2019, Estonia<\/li>\n<li>Solar power plant CAPEX analyses. 2018, Estonia<\/li>\n<li>Technical survey of district heating appliance of Eesti power plant. 2018, Estonia<\/li>\n<li>Market study to find B-2-B clients in district heating business sector. 2018, Estonia<\/li>\n<\/ul>\n[\/vc_column_text][\/vc_tta_section][\/vc_tta_accordion][\/vc_column][\/vc_row][vc_row][vc_column][vc_column_text]\n<h1>Energetiniai auditai<\/h1>\n<p style=\"text-align: justify;\">An\u00a0energy audit is an inspection survey and an analysis of energy flows for energy conservation in a building or industry. It may include a process or system to reduce the amount of energy input into the system without negatively affecting the output. In commercial and industrial real estate and processes, an energy audit is the first step in identifying opportunities to reduce energy expense and carbon footprint.<\/p>\n[\/vc_column_text][\/vc_column][\/vc_row][vc_row][vc_column][vc_tta_accordion active_section=&#8221;9999&#8243; collapsible_all=&#8221;true&#8221;][vc_tta_section title=&#8221;Atlikti darbai&#8221; tab_id=&#8221;1602502726123-b68950ef-7a77&#8243;][vc_column_text]\n<ul>\n<li style=\"text-align: justify;\">Premia cold storage energy audit. 2020, Estonia<\/li>\n<li style=\"text-align: justify;\">ABB Estonia energy audit. 2019, Estonia<\/li>\n<li style=\"text-align: justify;\">G4S Estonia energy audit. 2019, Estonia<\/li>\n<li>Eesti Liinirongid (Elron) energy audit. 2019, Estonia<\/li>\n<\/ul>\n[\/vc_column_text][\/vc_tta_section][\/vc_tta_accordion][\/vc_column][\/vc_row][vc_row][vc_column][vc_column_text]\n<h1>Techninis <em>due diligence<\/em><\/h1>\n<p style=\"text-align: justify;\">Investment in energy sector requires a good understanding of the risks. Technical due diligence is a key risk management tool to help identify the limitations and opportunities of an investment in a merger or acquisition before making an informed decision. Technical due diligence is usually made together with environmental, health and safety due diligence and the scope of services is tailored according to the client specifications.<\/p>\n[\/vc_column_text][\/vc_column][\/vc_row][vc_row][vc_column][vc_tta_accordion active_section=&#8221;9999&#8243; collapsible_all=&#8221;true&#8221;][vc_tta_section title=&#8221;Atlikti darbai&#8221; tab_id=&#8221;1590076669659-2d9ac47c-a832&#8243;][vc_column_text]\n<ul>\n<li style=\"text-align: justify;\">Project Tyr (heat only boiler plants and district heating networks technical and environmental due diligence in Estonia), 2020;<\/li>\n<li style=\"text-align: justify;\">Project Laurits (heat only boiler plants and district heating networks technical and environmental due diligence in Estonia), 2019, confidential;<\/li>\n<li style=\"text-align: justify;\">Project Vulcan (combined heat and power plants, bio gas plants and windmill parks technical due diligence in Estonia, Latvia and Lithuania), 2018;<\/li>\n<li style=\"text-align: justify;\">Project Heat (combined heat and power plants, heat only boiler plants and district heating networks technical due diligence in\u00a0 Latvia), 2017.<\/li>\n<\/ul>\n[\/vc_column_text][\/vc_tta_section][\/vc_tta_accordion][\/vc_column][\/vc_row][vc_row][vc_column][vc_column_text]\n<h1>Kontaktai<\/h1>\n<p>Lietuva:\u00a0 \u00a0Gintvil\u0117 \u017dvirblyt\u0117 \u00a0\u00a0 \u00a0 \u00a0 \u00a0 \u00a0gintvile.zvirblyte@nomineconsult.com<\/p>\n<p style=\"text-align: justify;\">Estija:\u00a0 \u00a0 \u00a0 \u00a0J\u00fcri Alasi\u00a0 \u00a0 \u00a0 \u00a0 \u00a0 \u00a0 \u00a0 \u00a0 \u00a0 \u00a0 \u00a0 \u00a0 \u00a0jyri.alasi@nomineconsult.com<\/p>\n[\/vc_column_text][\/vc_column][\/vc_row]\n<\/div>","protected":false},"excerpt":{"rendered":"<p>[vc_row][vc_column][vc_column_text] I\u0161ankstin\u0117s ir galimybi\u0173 studijos Pre-feasibility and feasibility study are an integral part of each energy sector development project. Profitability calculations are used to determine economic substance of various solutions and these have decisive role upon making a choices between various technical concepts or solution possibilities during the course of the project development process. [\/vc_column_text][\/vc_column][\/vc_row][vc_row][vc_column][vc_tta_accordion&hellip;<\/p>\n","protected":false},"author":1,"featured_media":0,"parent":959,"menu_order":0,"comment_status":"closed","ping_status":"closed","template":"templates\/left-sidebar.php","meta":{"footnotes":""},"class_list":["post-974","page","type-page","status-publish","hentry","entry","no-media"],"_links":{"self":[{"href":"https:\/\/nomineconsult.com\/lt\/wp-json\/wp\/v2\/pages\/974","targetHints":{"allow":["GET"]}}],"collection":[{"href":"https:\/\/nomineconsult.com\/lt\/wp-json\/wp\/v2\/pages"}],"about":[{"href":"https:\/\/nomineconsult.com\/lt\/wp-json\/wp\/v2\/types\/page"}],"author":[{"embeddable":true,"href":"https:\/\/nomineconsult.com\/lt\/wp-json\/wp\/v2\/users\/1"}],"replies":[{"embeddable":true,"href":"https:\/\/nomineconsult.com\/lt\/wp-json\/wp\/v2\/comments?post=974"}],"version-history":[{"count":13,"href":"https:\/\/nomineconsult.com\/lt\/wp-json\/wp\/v2\/pages\/974\/revisions"}],"predecessor-version":[{"id":1595,"href":"https:\/\/nomineconsult.com\/lt\/wp-json\/wp\/v2\/pages\/974\/revisions\/1595"}],"up":[{"embeddable":true,"href":"https:\/\/nomineconsult.com\/lt\/wp-json\/wp\/v2\/pages\/959"}],"wp:attachment":[{"href":"https:\/\/nomineconsult.com\/lt\/wp-json\/wp\/v2\/media?parent=974"}],"curies":[{"name":"wp","href":"https:\/\/api.w.org\/{rel}","templated":true}]}}