{"id":967,"date":"2020-05-21T13:37:38","date_gmt":"2020-05-21T10:37:38","guid":{"rendered":"https:\/\/nomineconsult.com\/services\/owners-engineering-services\/"},"modified":"2022-11-23T15:22:18","modified_gmt":"2022-11-23T12:22:18","slug":"owners-engineering-services","status":"publish","type":"page","link":"https:\/\/nomineconsult.com\/lt\/services\/owners-engineering-services\/","title":{"rendered":"U\u017esakovo in\u017einieriaus paslaugos"},"content":{"rendered":"<div class=\"wpb-content-wrapper\">[vc_row][vc_column][vc_column_text]\n<h1 class=\"page-header-title wpex-clr\">U\u017esakovo in\u017einerija ir projekt\u0173 valdymas kaip paslauga<\/h1>\n<p style=\"text-align: justify;\">Energy sector investment projects like photovoltaic, wind and combined heat and power plants, thermal power plants, heat only boiler houses, oil production units, refineries or alike are usually executed by two different methods:<\/p>\n<ul style=\"text-align: justify;\">\n<li>EPC (<strong>E<\/strong>ngineering, <strong>P<\/strong>rocurement, <strong>C<\/strong>onstruction) \u2013 general contracting method, where one general contractor is responsible for turn-key delivery;<\/li>\n<li>EPCM (<strong>E<\/strong>ngineering, <strong>P<\/strong>rocurement and <strong>C<\/strong>onstruction <strong>M<\/strong>anagement) \u2013 project management method, where professional project management consultant leads the project on behalf of the client.<\/li>\n<\/ul>\n<p style=\"text-align: justify;\">With <strong>EPC<\/strong> method, the client or project developer concludes turnkey contract in order to have ready-to-run plant. The client can\u00a0 minimize the risks and control the process by applying experienced owner\u2019s engineer for supervise various disciplines to ensure that the result is in conformity with the contract terms. At the same time the client has to take into account that the risks taken by the general contractor are reflected in the cost of the project.<\/p>\n<p style=\"text-align: justify;\">With <strong>EPCM<\/strong> method, the client hires project management consultant which helps him upon the conclusion with various contracts (for example, in case of combined heat and power plant approximately 50 different contract packages), coordination between works at site, construction supervision disciplines and management of the whole project. Difference from EPC is that all risks related to the project are borne by the client itself, which lowers the cost of the project ca 10 to 15 % compared to EPC model.<\/p>\n<p style=\"text-align: justify;\">Nomine Consult is experienced with both methods.<\/p>\n[\/vc_column_text][\/vc_column][\/vc_row][vc_row][vc_column][vc_column_text]\n<h1 class=\"main-title\">Pagalba vykdant pirkimus<\/h1>\n<p style=\"text-align: justify;\">We create assumptions in a way that procurements organized by us receive comparable, appropriate and advantageous tenders. This usually consists several parts, ordered all together or separately:<\/p>\n<ul>\n<li>procurement planning consultancy;<\/li>\n<li>finding possible tenderers;<\/li>\n<li>preparing tender documents (including for public procurements);<\/li>\n<li>comparing received tenders, supporting in communication and helping to determine the best tender;<\/li>\n<li>participating in the contract negotiations to support the client in order to conclude good procurement contract;<\/li>\n<\/ul>\n<p style=\"text-align: justify;\">Our experiences enable our clients to buy what they are looking for, not what the Contractor wants to sell.<\/p>\n[\/vc_column_text][\/vc_column][\/vc_row][vc_row][vc_column][vc_column_text]\n<h1 class=\"main-title\">Projektavimo dokumentacijos kontrol\u0117<\/h1>\n<p style=\"text-align: justify;\">We review the construction documentation submitted by designer, check the certificates of conformity of the equipment and products and assess the competence of subcontractors.<\/p>\n[\/vc_column_text][\/vc_column][\/vc_row][vc_row][vc_column][vc_column_text]\n<h1 class=\"main-title\">Savininko prie\u017ei\u016bra aik\u0161tel\u0117je<\/h1>\n<p>We perform owner&#8217;s supervision at the construction site by all important disciplines (civil, welding, mechanical, electrical, I&amp;C, HSEQ and other), participate at the construction site meetings, monitor the performance of the contract and overall project progress and periodically report to the client.[\/vc_column_text][\/vc_column][\/vc_row][vc_row][vc_column][vc_column_text]\n<h1 class=\"main-title\">Garantinio laikotarpio prie\u017ei\u016bra<\/h1>\n<p>We monitor that all identified defects (punch items) are completed during agreed period, prepare the reports of warranty period and perform supervision of warranty works.[\/vc_column_text][\/vc_column][\/vc_row][vc_row][vc_column][vc_column_text]\n<h1 class=\"main-title\">Projekt\u0173 valdymo konsultacijos<\/h1>\n<p>Project management consultancy includes management of the whole project with all or part of above mentioned services which are usually tailored according to the client visions and wishes.[\/vc_column_text][\/vc_column][\/vc_row][vc_row][vc_column][vc_column_text]\n<h1 class=\"main-title\">Skolintojo in\u017einieriaus paslaugos<\/h1>\n<p style=\"text-align: justify;\">Lender&#8217;s engineer services comprises all or part of above mentioned services tailored according to the lender&#8217;s or banks needs.<\/p>\n[\/vc_column_text][\/vc_column][\/vc_row][vc_row][vc_column][vc_tta_accordion active_section=&#8221;0&#8243; collapsible_all=&#8221;true&#8221;][vc_tta_section title=&#8221;Atlikti darbai&#8221; tab_id=&#8221;1602503436115-67ed19be-eaa5&#8243;][vc_column_text]\n<ul>\n<li style=\"text-align: justify;\">Kaunas 24 MWel\/70 MWth waste-to-energy+biomass combined heat and power plant, Lithuania, part of EPCM services<\/li>\n<li style=\"text-align: justify;\">V\u00e4gari torrefied pellet production plant (157 000 t\/a), Estonia, site management and civil supervision;<\/li>\n<li style=\"text-align: justify;\">Auvere 300 MWel oil shale+biomass fired power plant, Estonia, part of OE services<\/li>\n<li style=\"text-align: justify;\">Klaipeda 20 MWel\/50MWth waste-to-energy+biomass combined heat and power plant, Lithuania, part of EPCM services<\/li>\n<li style=\"text-align: justify;\">Lithuanian Power Plant 445 MWe CCGT project, Lithuania, part of OE services<\/li>\n<li style=\"text-align: justify;\">Kiisa emergency and reserve 250 MWel power plant, Estonia, OE services<\/li>\n<\/ul>\n[\/vc_column_text][\/vc_tta_section][\/vc_tta_accordion][\/vc_column][\/vc_row][vc_row][vc_column][vc_column_text]\n<h1 class=\"main-title\">Kontaktai<\/h1>\n<p>Lietuva:\u00a0 \u00a0 \u00a0 \u00a0 Gintvil\u0117 \u017dvirblyt\u0117\u00a0 \u00a0 \u00a0 \u00a0 \u00a0 gintvile.zvirblyte@nomineconsult.com<\/p>\n<p>Estija:\u00a0 \u00a0 \u00a0 \u00a0 \u00a0 \u00a0J\u00fcri Alasi\u00a0 \u00a0 \u00a0 \u00a0 \u00a0 \u00a0 \u00a0 \u00a0 \u00a0 \u00a0 \u00a0 \u00a0 \u00a0jyri.alasi@nomineconsult.com[\/vc_column_text][\/vc_column][\/vc_row]\n<\/div>","protected":false},"excerpt":{"rendered":"<p>[vc_row][vc_column][vc_column_text] U\u017esakovo in\u017einerija ir projekt\u0173 valdymas kaip paslauga Energy sector investment projects like photovoltaic, wind and combined heat and power plants, thermal power plants, heat only boiler houses, oil production units, refineries or alike are usually executed by two different methods: EPC (Engineering, Procurement, Construction) \u2013 general contracting method, where one general contractor is responsible&hellip;<\/p>\n","protected":false},"author":1,"featured_media":0,"parent":959,"menu_order":0,"comment_status":"closed","ping_status":"closed","template":"templates\/left-sidebar.php","meta":{"footnotes":""},"class_list":["post-967","page","type-page","status-publish","hentry","entry","no-media"],"_links":{"self":[{"href":"https:\/\/nomineconsult.com\/lt\/wp-json\/wp\/v2\/pages\/967","targetHints":{"allow":["GET"]}}],"collection":[{"href":"https:\/\/nomineconsult.com\/lt\/wp-json\/wp\/v2\/pages"}],"about":[{"href":"https:\/\/nomineconsult.com\/lt\/wp-json\/wp\/v2\/types\/page"}],"author":[{"embeddable":true,"href":"https:\/\/nomineconsult.com\/lt\/wp-json\/wp\/v2\/users\/1"}],"replies":[{"embeddable":true,"href":"https:\/\/nomineconsult.com\/lt\/wp-json\/wp\/v2\/comments?post=967"}],"version-history":[{"count":11,"href":"https:\/\/nomineconsult.com\/lt\/wp-json\/wp\/v2\/pages\/967\/revisions"}],"predecessor-version":[{"id":1597,"href":"https:\/\/nomineconsult.com\/lt\/wp-json\/wp\/v2\/pages\/967\/revisions\/1597"}],"up":[{"embeddable":true,"href":"https:\/\/nomineconsult.com\/lt\/wp-json\/wp\/v2\/pages\/959"}],"wp:attachment":[{"href":"https:\/\/nomineconsult.com\/lt\/wp-json\/wp\/v2\/media?parent=967"}],"curies":[{"name":"wp","href":"https:\/\/api.w.org\/{rel}","templated":true}]}}