{"id":965,"date":"2020-05-21T13:39:02","date_gmt":"2020-05-21T10:39:02","guid":{"rendered":"https:\/\/nomineconsult.com\/services\/greenhouse-gas-emission-reports-verification\/"},"modified":"2025-04-02T16:12:32","modified_gmt":"2025-04-02T13:12:32","slug":"greenhouse-gas-emission-reports-verification","status":"publish","type":"page","link":"https:\/\/nomineconsult.com\/lt\/services\/greenhouse-gas-emission-reports-verification\/","title":{"rendered":"\u0160iltnamio efekt\u0105 sukelian\u010di\u0173 duj\u0173 apskaitos ataskait\u0173 tikrinimo paslaugos"},"content":{"rendered":"<div class=\"wpb-content-wrapper\">[vc_row][vc_column][vc_column_text css=&#8221;.vc_custom_1743598145928{margin-top: 10px !important;}&#8221;]<strong>Tikrinimo paslauga<\/strong><\/p>\n<p>\u201cNomine Consult O\u00dc\u201d &#8211; Estijos akreditavimo centro yra patvirtinta \u0161iltnamio efekt\u0105 sukelian\u010di\u0173 duj\u0173 emisij\u0173 ataskait\u0173 tikrinimo institucija. Akreditavimo sritis \u2013 \u0161iltnamio efekt\u0105 sukelian\u010di\u0173 duj\u0173 emisij\u0173 ataskait\u0173 tikrinimas pagal Atmosferos oro apsaugos \u012fstatym\u0105, ES ATLPS direktyv\u0105 2003\/87\/EB ir Komisijos reglament\u0105 (ES) 2018\/2067 \u0161iose veiklos kategorijose:<\/p>\n<ul>\n<li>1a (kuro deginimas \u012frenginiuose, kuriuose naudojamas tik komercinis standartinis kuras, kaip ir apibr\u0117\u017eta Reglamente (ES) 2018\/2066, arba, kai naudojamos gamtin\u0117s dujos A arba B kategorijos \u012frenginiuose);<\/li>\n<li>1b (kuro deginimas \u012frenginiuose be apribojim\u0173);<\/li>\n<li>2 (alyvos perdirbimas);<\/li>\n<li>6 (kalki\u0173 gamyba);<\/li>\n<li>98 (kita veikla pagal Direktyvos 2003\/87\/EB 10a straipsn\u012f).<\/li>\n<\/ul>\n<p>Pagal Aplinkos ministro \u012fsakym\u0105 Nr. 64 \u201ePrekybos tvarka, taikoma \u0161iltnamio efekt\u0105 sukelian\u010di\u0173 duj\u0173 emisijos kreditams\u201c operatoriai, \u012ftraukti \u012f prekyb\u0105 apyvartiniais tar\u0161os leidimais Europos S\u0105jungoje, turi pateikti kompetentingos institucijos (Aplinkos tarybos) pra\u0117jusi\u0173 kalendorini\u0173 met\u0173 \u0161iltnamio efekt\u0105 sukelian\u010di\u0173 duj\u0173 emisijos ataskait\u0105, patikrint\u0105 akredituoto tikrintojo.<\/p>\n<p>\u0160iltnamio efekt\u0105 sukelian\u010di\u0173 duj\u0173 emisijos tikrinimas apima \u012frenginio steb\u0117jimo sistem\u0173 ir duomen\u0173 bei informacijos, susijusios su emisijomis, patikimumo ir tikslumo tvarkym\u0105. \u0160iltnamio efekt\u0105 sukelian\u010di\u0173 duj\u0173 emisijos tikrinimo procesas yra atskirtas nuo kitos Nomine Consult O\u00dc veiklos ir vykdomas pagal standartus EVS-EN ISO\/IEC 17029, EVS-EN ISO 14065, EVS-EN ISO 14064-3, EVS-ISO 14066, instrukcijas EA-6\/03, IAF MD6, Europos Komisijos reglamentai (ES) 2018\/2066, (ES) 2018: 2067, (ES) 2019\/331, (ES) 2019\/1842 ir Aplinkos ministro \u012fsakymo Nr. 64.[\/vc_column_text][vc_column_text css=&#8221;.vc_custom_1743599158853{margin-top: 10px !important;}&#8221;]<strong>Ne\u0161ali\u0161kumo deklaracija<\/strong><\/p>\n<p>\u0160iltnamio efekt\u0105 sukelian\u010di\u0173 duj\u0173 emisij\u0173 ataskait\u0173 tikrinimas yra nepriklausoma ir ne\u0161ali\u0161ka proced\u016bra. Nomine Consult O\u00dc, kaip akredituota tikrinimo \u012fstaiga, laikosi \u0161i\u0173 princip\u0173 bei ne\u0161ali\u0161kumo ir nepriklausomumo reikalavim\u0173, nustatyt\u0173 standarte EVS-EN ISO\/IEC 17029, EVS-EN ISO 14065 bei Europos Komisijos reglamente (ES) 2018\/2067.<\/p>\n<p>Tikrinimo \u012fstaiga yra atsakinga u\u017e tai, kad jos patikros parei\u0161kimas b\u016bt\u0173 pagr\u012fstas pakankamais ir tinkamais objektyviais \u012frodymais.<\/p>\n<p>Tikrinan\u010diosios \u012fstaigos vadovyb\u0117 ir personalas supranta ne\u0161ali\u0161kumo svarb\u0105 tikrinimo procese ir patvirtina, kad \u0160ESD emisijos ataskait\u0173 tikrinimas ir vertinimas yra vykdomas objektyviai, nepriklausomai ir ne\u0161ali\u0161kai. Siekiant parodyti ne\u0161ali\u0161kum\u0105, buvo nustatyta strategija ir tikslai, apibr\u0117\u017eti procesai, atsakomyb\u0117 ir i\u0161tekliai bei sukurta skaidri strukt\u016bra, atskirianti tikrinimo veikl\u0105 nuo kitos veiklos. Siekdama valdyti galimus interes\u0173 konfliktus ir u\u017etikrinti patikros veiklos objektyvum\u0105, Tikrinan\u010dioji \u012fstaiga prie\u0161 kiekvien\u0105 patikros veikl\u0105, atlieka ne\u0161ali\u0161kumo ir nepriklausomumo vertinim\u0105 tiek tikrinimo \u012fstaigos santyki\u0173 su klientais, tiek tikrinimo personalo lygiu. Yra nustatytos proced\u016bros, leid\u017eian\u010dios vykdyti ir nuolat tobulinti visus auk\u0161\u010diau nurodytus procesus, remiantis kokyb\u0117s vadybos sistema.<\/p>\n<p>Tikrinan\u010dioji \u012fstaiga neteikia konsultavimo paslaug\u0173, susijusi\u0173 su \u0160ESD emisij\u0173 ataskait\u0173 ar veiklos lygio ataskait\u0173 rengimu \u012frenginiams d\u0117l kuri\u0173 sudarytos patikros sutartys, \u0161iltnamio efekt\u0105 sukelian\u010di\u0173 duj\u0173 i\u0161metimo ataskait\u0173 arba gamybos lygio ataskait\u0173 tikrinimu.<\/p>\n<p>Tikrinant \u0160ESD emisijas, tikrinami \u0161ie aspektai:<\/p>\n<ul>\n<li>Duomenys ir informacija, susij\u0119 su emisijomis;<\/li>\n<li>Ataskaitoje pateikti \u012frenginio eksploatavimo duomenys, su jais susij\u0119 matavimai ir skai\u010diavimai;<\/li>\n<li>Specialaus emisijos koeficiento parinkimas ir taikymas;<\/li>\n<li>Skai\u010diavimai, atlikti siekiant nustatyti bendr\u0105 i\u0161metam\u0173j\u0173 ter\u0161al\u0173 kiek\u012f;<\/li>\n<li>Matavimo metodikos parinkimas ir aktualumas;<\/li>\n<li>Prie\u017ei\u016bros sistem\u0173 patikimumas, patikimumas ir tikslumas.<\/li>\n<\/ul>\n[\/vc_column_text][vc_column_text css=&#8221;.vc_custom_1712507140397{margin-top: 10px !important;}&#8221;]<strong>Tikrinimo proceso etapai<\/strong><\/p>\n<p>\u0160ESD emisij\u0173 ataskait\u0173 tikrinimo proces\u0105 sudaro \u0161ie etapai:<\/p>\n<ul>\n<li>B\u016btin\u0173 dokument\u0173 gavimas i\u0161 operatoriaus, kad b\u016bt\u0173 galima \u012fvertinti, ar patikr\u0105 gali atlikti patikros \u012fstaiga, ar ne;<\/li>\n<li>Pasi\u016blymo parengimas ir pateikimas;<\/li>\n<li>Patikrinimo sutarties pasira\u0161ymas bei susitarimas d\u0117l termin\u0173;<\/li>\n<li>Strategini\u0173 ir rizikos analizi\u0173 sudarymas;<\/li>\n<li>Patikrinimo ir m\u0117gini\u0173 \u0117mimo plan\u0173 sudarymas;<\/li>\n<li>\u012erenginio inspektavimas, apsilankymo ataskaitos sura\u0161ymas ir pateikimas operatoriui;<\/li>\n<li>Patikrinimo ataskaitos pateikimas operatoriui;<\/li>\n<li>\u0160ESD emisij\u0173 patvirtinimas registre;<\/li>\n<li>Skund\u0173 * \/ skund\u0173** nagrin\u0117jimas (jei yra).<\/li>\n<\/ul>\n[\/vc_column_text][vc_column_text css=&#8221;.vc_custom_1743599276165{margin-top: 10px !important;}&#8221;]<strong>Apeliacijos ir skundai<\/strong><\/p>\n<p>Apeliacijas ir skundus nagrin\u0117ja patikros \u012fstaigos paskirtas asmuo, kompetentingas ir nesusij\u0119s su konkretaus \u012frenginio patikra. Apeliacijos \/ skundai nagrin\u0117jami pagal patikros \u012fstaigos kokyb\u0117s vadybos sistem\u0105 bei vadovaujantis standartais EVS-EN ISO 9001, EVS-EN ISO\/IEC 17029 ir EVS-EN ISO 14065. Apeliacij\u0105 ar skund\u0105 pateikusiam operatoriui specialios s\u0105lygos netaikomos.<\/p>\n<p>Apeliacija \/ skundas turi b\u016bti pateiktas el. pa\u0161to adresu info.ee@nomineconsult.com. Papildomos informacijos apie apeliacijos\/skundo nagrin\u0117jimo tvark\u0105 galima teirautis tuo pa\u010diu adresu.<\/p>\n<p>* Apeliacinis skundas \u2013 tikrintojo parengto patikros sprendimo gin\u010dijimas ra\u0161tu (ISO \/ IEC 17000);<\/p>\n<p>** Skundas \u2013 ra\u0161ti\u0161kas nepasitenkinimo parei\u0161kimas d\u0117l tikrinimo \u012fstaigos, kuri yra susijusi su produktu, paslauga arba pa\u010diu skundo procesu (ISO \/ IEC 17000).[\/vc_column_text][\/vc_column][\/vc_row][vc_row][vc_column][vc_tta_accordion active_section=&#8221;0&#8243; collapsible_all=&#8221;true&#8221;][vc_tta_section title=&#8221;Atlikti darbai&#8221; tab_id=&#8221;1602503550236-e4e7fc4b-1825&#8243;][vc_column_text css=&#8221;.vc_custom_1743599546797{margin-top: 10px !important;}&#8221;]\n<ul>\n<li>Eesti Energia AS, Estija<\/li>\n<li>Gren Eesti AS, Estija<\/li>\n<li>Gren Tartu AS, Estija<\/li>\n<li>Gren Viru AS, Estija<\/li>\n<li>Gren Viljandi AS, Estija<\/li>\n<li>Amber Grid UAB, Lietuva<\/li>\n<li>Klaip\u0117dos Energija AB, Lietuva<\/li>\n<li>Elering AS, Estija<\/li>\n<li>VKG Oil AS, Estija<\/li>\n<li>VKG Energia AS, Estija<\/li>\n<li>VKG Soojus O\u00dc, Estija<\/li>\n<li>Visagino Energija UAB, Lietuva<\/li>\n<li>Taurages \u0160ilumos Tinklai UAB, Lietuva<\/li>\n<li>Silpower AS, Estija<\/li>\n<li>Utilitas Eesti AS, Estija<\/li>\n<li>Utilitas Tallinn AS, Estija<\/li>\n<li>Utilitas Tallinna Elektrijaam O\u00dc, Estija<\/li>\n<li>Kuressaare Soojus AS, Estija<\/li>\n<li>Nordkalk AS, Estija<\/li>\n<li>Puma Energy Baltics AS, Estija<\/li>\n<li>Liwathon E.O.S. AS, Estija<\/li>\n<li>Ignitis Gamyba AB, Lietuva<\/li>\n<li>Muuga Storage Terminal O\u00dc, Estija<\/li>\n<li>Kivi\u00f5li Keemiat\u00f6\u00f6stuse O\u00dc, Estija<\/li>\n<li>UPM Lappeenranta Biorefinery, Suomija<\/li>\n<\/ul>\n[\/vc_column_text][\/vc_tta_section][\/vc_tta_accordion][\/vc_column][\/vc_row][vc_row][vc_column][vc_column_text css=&#8221;.vc_custom_1647266934037{margin-top: 10px !important;}&#8221;]<strong>Kontaktai<\/strong><\/p>\n<p>Katrin Keis, pagrindinis tikrintojas<\/p>\n<p>katrin.keis@nomineconsult.com<\/p>\n<p>&nbsp;<\/p>\n<p>Gintvil\u0117 \u017dvirblyt\u0117<\/p>\n<p>gintvile.zvirblyte@nomineconsult.com[\/vc_column_text][\/vc_column][\/vc_row]\n<\/div>","protected":false},"excerpt":{"rendered":"<p>[vc_row][vc_column][vc_column_text css=&#8221;.vc_custom_1743598145928{margin-top: 10px !important;}&#8221;]Tikrinimo paslauga \u201cNomine Consult O\u00dc\u201d &#8211; Estijos akreditavimo centro yra patvirtinta \u0161iltnamio efekt\u0105 sukelian\u010di\u0173 duj\u0173 emisij\u0173 ataskait\u0173 tikrinimo institucija. Akreditavimo sritis \u2013 \u0161iltnamio efekt\u0105 sukelian\u010di\u0173 duj\u0173 emisij\u0173 ataskait\u0173 tikrinimas pagal Atmosferos oro apsaugos \u012fstatym\u0105, ES ATLPS direktyv\u0105 2003\/87\/EB ir Komisijos reglament\u0105 (ES) 2018\/2067 \u0161iose veiklos kategorijose: 1a (kuro deginimas \u012frenginiuose, kuriuose naudojamas&hellip;<\/p>\n","protected":false},"author":1,"featured_media":0,"parent":959,"menu_order":0,"comment_status":"closed","ping_status":"closed","template":"templates\/left-sidebar.php","meta":{"footnotes":""},"class_list":["post-965","page","type-page","status-publish","hentry","entry","no-media"],"_links":{"self":[{"href":"https:\/\/nomineconsult.com\/lt\/wp-json\/wp\/v2\/pages\/965","targetHints":{"allow":["GET"]}}],"collection":[{"href":"https:\/\/nomineconsult.com\/lt\/wp-json\/wp\/v2\/pages"}],"about":[{"href":"https:\/\/nomineconsult.com\/lt\/wp-json\/wp\/v2\/types\/page"}],"author":[{"embeddable":true,"href":"https:\/\/nomineconsult.com\/lt\/wp-json\/wp\/v2\/users\/1"}],"replies":[{"embeddable":true,"href":"https:\/\/nomineconsult.com\/lt\/wp-json\/wp\/v2\/comments?post=965"}],"version-history":[{"count":35,"href":"https:\/\/nomineconsult.com\/lt\/wp-json\/wp\/v2\/pages\/965\/revisions"}],"predecessor-version":[{"id":2092,"href":"https:\/\/nomineconsult.com\/lt\/wp-json\/wp\/v2\/pages\/965\/revisions\/2092"}],"up":[{"embeddable":true,"href":"https:\/\/nomineconsult.com\/lt\/wp-json\/wp\/v2\/pages\/959"}],"wp:attachment":[{"href":"https:\/\/nomineconsult.com\/lt\/wp-json\/wp\/v2\/media?parent=965"}],"curies":[{"name":"wp","href":"https:\/\/api.w.org\/{rel}","templated":true}]}}