{"id":963,"date":"2020-05-21T13:39:27","date_gmt":"2020-05-21T10:39:27","guid":{"rendered":"https:\/\/nomineconsult.com\/services\/environmental-advisory\/"},"modified":"2026-03-09T16:38:30","modified_gmt":"2026-03-09T13:38:30","slug":"environmental-advisory","status":"publish","type":"page","link":"https:\/\/nomineconsult.com\/lt\/services\/environmental-advisory\/","title":{"rendered":"Aplinkosaugos konsultacijos"},"content":{"rendered":"<div class=\"wpb-content-wrapper\">[vc_row][vc_column][vc_column_text]\n<h1 class=\"main-title\">Aplinkosauga<\/h1>\n<p style=\"text-align: justify;\">Nuo pat \u012fk\u016brimo dienos UAB \u201cNomine Consult\u201d savo klientams si\u016blo i\u0161samias konsultacijas aplinkosaugos srityje. Prad\u0117j\u0119 dirbti i\u0161skirtinai su energetikos objektais paslaugas i\u0161pl\u0117t\u0117me ir dabar jas teikiame labai \u012fvairiems u\u017esakovams nepriklausomai nuo j\u0173 veiklos. Mes atliekame \u012fvairias aplinkosaugines studijas, oro tar\u0161os, triuk\u0161mo skai\u010diavimus, poveikio aplinkai vertinimus (PAV), poveikio visuomen\u0117s sveikatai vertinimus (PVSV), plan\u0173 ir program\u0173 strateginius poveikio aplinkai vertinimus (SPAV) bei ruo\u0161iame parai\u0161kas TIPK leidimams ir tar\u0161os leidimams gauti ir kt.<\/p>\n<p>Teikiam\u0173 paslaug\u0173 spektras:<\/p>\n<ul>\n<li>Anglies dvideginio (CO<sub>2)<\/sub> p\u0117dsakas ir veiklos tvarumas;<\/li>\n<li>Visos apimties PAV, projekt\u0173, plan\u0173, program\u0173 SPAV;<\/li>\n<li>Aplinkosauginis auditas (EDD), aplinkosauginiai leidimai;<\/li>\n<li>Oro tar\u0161os modeliavimas (AERMOD View licenzija);<\/li>\n<li>Kvap\u0173 modeliavimas (AERMOD View licenzija);<\/li>\n<li>Triuk\u0161mo modeliavimas(CadnaA licenzija);<\/li>\n<li>Poveikio visuomen\u0117s sveikatai vertinimas (PVSV licenzija);<\/li>\n<li>V\u0117jo elektrini\u0173 skleid\u017eiamo triuk\u0161mo ir \u0161e\u0161\u0117li\u0173 modeliavimas (windPRO licenzija);<\/li>\n<li>Aplinkosaugin\u0117 technini\u0173 projekt\u0173 dalis;<\/li>\n<li>Kitos aplinkosaugin\u0117s konsultacin\u0117s paslaugos;<\/li>\n<li>CO<sub>2<\/sub>\u00a0verifikavimo, monitoringo paslaugos.<\/li>\n<\/ul>\n[\/vc_column_text][\/vc_column][\/vc_row][vc_row][vc_column][vc_column_text]\n<h1>Anglies dvideginio (CO<sub>2)<\/sub> p\u0117dsakas ir veiklos tvarumas<\/h1>\n<p style=\"text-align: justify;\">Klimato kaitos stabdymas, \u0161iltnamio efekt\u0105 sukelian\u010di\u0173 duj\u0173 emisijos ma\u017einimas ir veiklos tvarumas yra svarb\u016bs kiekvienai \u012fmonei ar organizacijai, kuri \u0161iais laikais siekia prisid\u0117ti prie kovos su klimato kaita ir i\u0161likti konkurencinga tiek pasauliniu, tiek ir vietiniu lygiu.<\/p>\n<p style=\"text-align: justify;\">CO<sub>2 <\/sub>p\u0117dsakas yra vienas i\u0161 b\u016bd\u0173 \u012fvertinti savo veiklos poveik\u012f aplinkai, o ypa\u010d klimato kaitai. Savo klientams padedame apskai\u010diuoti \u012fmon\u0117s ar organizacijos CO<sub>2 <\/sub>p\u0117dsak\u0105, atlikti \u0161iltnamio efekt\u0105 sukelian\u010di\u0173 duj\u0173 (\u0160ESD) inventorizacij\u0105, skai\u010diuoti \u0160ESD emisijas pagal tarptautinius standartus bei metodikas. Kartu su klientais numatome tikslus bei padedame parengti veiksm\u0173 plan\u0105 neutralumo klimato at\u017evilgiu bei atitinkam\u0173 aplinkosaugini\u0173 tiksl\u0173 siekimui.<\/p>\n<p style=\"text-align: justify;\">Padedame \u012fmon\u0117ms ar organizacijoms apskai\u010diuoti bei parengti CO<sub>2 <\/sub>p\u0117dsako ataskait\u0173 auditus, kuri\u0173 metu vertiname metodik\u0105, programas ir skai\u010diavim\u0173 pagrindini\u0173 duomen\u0173 teisingum\u0105 bei pateikiame rekomendacijas ataskait\u0173 teikimo skaidrumui ir tobulinimui.<\/p>\n[\/vc_column_text][vc_tta_accordion active_section=&#8221;0&#8243; collapsible_all=&#8221;true&#8221;][vc_tta_section title=&#8221;Atlikti darbai&#8221; tab_id=&#8221;1669194651853-b90016af-c4bc&#8221;][vc_column_text]\n<ul>\n<li style=\"text-align: justify;\">Rygos Satikme (Rygos vie\u0161asis transportas) CO2 p\u0117dsako skai\u010diavimas pagal \u0160iltnamio efekt\u0105 sukelian\u010di\u0173 duj\u0173 protokol\u0105, Latvija 2022 m.<\/li>\n<li style=\"text-align: justify;\">CO2 p\u0117dsako skai\u010diavimas \u012fmon\u0117ms Jalaj\u00e4lg AS, Sportland Eesti AS, Fifaa AS pagal \u0160iltnamio efekt\u0105 sukelian\u010di\u0173 duj\u0173 protokol\u0105, Estija, Latvija ir Lietuva 2021-2022 m.<\/li>\n<li style=\"text-align: justify;\">Verslo planas, siekiant neutralumo klimatui, atitinkam\u0173 CO2 emisij\u0173 ma\u017einimo priemoni\u0173 nustatymas ir grynasis nulinis CO2 kiekis energetikoje (klient\u0173 konfidencialumas, maisto pramon\u0117), Estija, Latvija ir Lenkija, 2021\u20132022 m.<\/li>\n<li style=\"text-align: justify;\">Talino miesto ir jo artimiausi\u0173 savivaldybi\u0173 \u0160ESD inventorizacija 2019 m.<\/li>\n<li style=\"text-align: justify;\">Estijos skal\u016bn\u0173 naftos gavybos CO2 emisij\u0173 skai\u010diavimo metodika, KeM 2017\u20132018 m.<\/li>\n<li style=\"text-align: justify;\">Ekspert\u0173 nuomon\u0117 d\u0117l Estijos skal\u016bn\u0173 naftos anglies emisijos faktori\u0173 naudojimo ir Estijos skal\u016bn\u0173 naftos CO2 emisij\u0173 skai\u010diavimo metodikos gair\u0117s. KeM 2017-2018 m.<\/li>\n<\/ul>\n[\/vc_column_text][\/vc_tta_section][\/vc_tta_accordion][\/vc_column][\/vc_row][vc_row][vc_column][vc_column_text]\n<p>&nbsp;<\/p>\n<h1>Vie\u0161inami dokumentai:<\/h1>\n<p><strong><a href=\"https:\/\/nomineconsult.com\/wp-content\/uploads\/2026\/01\/Truskava-PAV-SKELBIMAS.pdf\">INFORMACIJA APIE VIE\u0160\u0104 VISUOMEN\u0116S SUPA\u017dINDINIM\u0104 SU GG LTU V4, UAB, IKI 25 V\u0116JO ELEKTRINI\u0172 PARKAS K\u0116DAINI\u0172 R. SAV., TRUSKAVOS SEN. POVEIKIO APLINKAI VERTINIMO (PAV) ATASKAITA<\/a><\/strong><\/p>\n<p><strong><a href=\"https:\/\/nomineconsult.com\/wp-content\/uploads\/2026\/03\/TRUSKAVA-PAV_02.pdf\">GG LTU V4, UAB, IKI 25 V\u0116JO ELEKTRINI\u0172 PARKAS K\u0116DAINI\u0172 R. SAV., TRUSKAVOS SEN. PAV ATASKAITA<\/a><\/strong><\/p>\n<p><strong><a href=\"https:\/\/nomineconsult.com\/wp-content\/uploads\/2025\/11\/PAV-PRANESIMAS_TRUSKAVA.pdf\">PRANE\u0160IMAS APIE IKI 25 V\u0116JO ELEKTRINI\u0172 PARKO K\u0116DAINI\u0172 R. SAV., TRUSKAVOS SEN. POVEIKIO APLINKAI VERTINIMO PRAD\u017dI\u0104<\/a><\/strong><\/p>\n<p><strong><a href=\"https:\/\/nomineconsult.com\/wp-content\/uploads\/2025\/09\/PAV-programa.pdf\">MDP plok\u0161\u010di\u0173 gamyklos statyba Marijampol\u0117s sav., Pata\u0161in\u0117s sen., Nendrini\u0161ki\u0173 k. PAV programa.<\/a><\/strong><\/p>\n<p><strong><a href=\"https:\/\/nomineconsult.com\/wp-content\/uploads\/2025\/05\/BARZDAI-PAV_05.06.pdf\">Barzd\u0173 v\u0117jo elektrini\u0173 parko \u0160aki\u0173 r. sav. ir Kazl\u0173 R\u016bdos sav. poveikio aplinkai vertinimo ataskaita.<\/a><\/strong><\/p>\n<p><a href=\"https:\/\/nomineconsult.com\/wp-content\/uploads\/2024\/12\/Informacija-apie-parengta-PAV-ataskaita.pdf\"><strong>Informacija apie parengt\u0105 Barzd\u0173 v\u0117jo elektrini\u0173 parko \u0160aki\u0173 r. sav. ir Kazl\u0173 R\u016bdos sav. poveikio aplinkai vertinimo ataskait\u0105.<\/strong><\/a><\/p>\n<p><strong><a href=\"https:\/\/nomineconsult.com\/wp-content\/uploads\/2024\/11\/BARDU-VE-PARKO-PAV-PRANESIMAS.pdf\">PRANE\u0160IMAS APIE \u00a0BARZD\u0172 V\u0116JO ELEKTINI\u0172 PARKO \u00a0POVEIKIO APLINKAI VERTINIMO PRAD\u017dI\u0104<\/a><\/strong><\/p>\n<p><a href=\"https:\/\/nomineconsult.com\/wp-content\/uploads\/2024\/09\/protokolas.pdf\"><strong>VIE\u0160O VISUOMEN\u0116S SUPA\u017dINDINIMO SU\u00a0<span lang=\"EN-GB\">EMP RECYCLING, UAB, ATLIEK\u0172 SURINKIMO, PRADINIO APDOROJIMO, PARUO\u0160IMO PAKARTOTINAI NAUDOTI IR LAIKYMO VEIKLOS, ADRESU TECHNIKOS G. 18V, KAUNAS, PVSV, PROTOKOLAS.<\/span><\/strong><\/a><\/p>\n<p><a href=\"https:\/\/nomineconsult.com\/wp-content\/uploads\/2024\/09\/PVSV_informacinis_skelbimas_Klaipeda.pdf\"><strong>Informacija apie parengt\u0105 poveikio visuomen\u0117s sveikatai vertinimo (PVSV) ataskait\u0105 UAB \u201eEMP Recycling\u201c atliek\u0173 surinkimo, pradinio apdorojimo, paruo\u0161imo pakartotinai naudoti ir laikymo veiklai, adresu \u0160ilut\u0117s pl. 21, Klaip\u0117da, ir vie\u0161\u0105 susirinkim\u0105<\/strong><\/a><\/p>\n<p><a href=\"https:\/\/nomineconsult.com\/wp-content\/uploads\/2025\/01\/EMP-PVSV-ataskaita-KLAIPEDA__2025.pdf\"><strong>EMP RECYCLING, UAB, ATLIEK\u0172 SURINKIMO, PRADINIO APDOROJIMO, PARUO\u0160IMO PAKARTOTINAI NAUDOTI IR LAIKYMO VEIKLOS, ADRESU \u0160ILUT\u0116S PL. 21, KLAIP\u0116DA, POVEIKIO VISUOMEN\u0116S SVEIKATAI VERTINIMAS<\/strong><\/a><\/p>\n<p><strong><a href=\"https:\/\/nomineconsult.com\/wp-content\/uploads\/2024\/02\/Informacija-apie-parengt-PAV-ataskait.pdf\">INFORMACIJA APIE VIE\u0160\u0104 VISUOMEN\u0116S SUPA\u017dINDINIM\u0104 SU V\u0160\u012e KAUNO REGIONO ATLIEK\u0172 TVARKYMO CENTRO KOMUNALINI\u0172 ATLIEK\u0172 MECHANINIO \u2013 BIOLOGINIO APDOROJIMO \u012eRENGINIO VEIKLOS TIKSLINIMO POVEIKIO APLINKAI VERTINIMO (PAV) ATASKAITA<\/a><\/strong><\/p>\n<p><strong><a href=\"https:\/\/nomineconsult.com\/wp-content\/uploads\/2025\/12\/MBA-PAV07.pdf\">V\u0160\u012e KAUNO REGIONO ATLIEK\u0172 TVARKYMO CENTRO KOMUNALINI\u0172 ATLIEK\u0172 MECHANINIO \u2013 BIOLOGINIO APDOROJIMO \u012eRENGINIO VEIKLOS TIKSLINIMAS PAV ATASKAITA<\/a><\/strong><b><\/b><\/p>\n<p><a href=\"https:\/\/nomineconsult.com\/wp-content\/uploads\/2023\/10\/Praneimas-apie-PAV-pradi-su-planu.pdf\"><b>PRANE\u0160IMAS APIE V\u0160\u012e KAUNO REGIONO ATLIEK\u0172 TVARKYMO CENTRO MECHANINIO-BIOLOGINIO APDOROJIMO (KAUNO MBA) \u00a0\u012eRENGINIO VEIKLOS TIKSLINIM\u0104, POVEIKIO APLINLAI VERTINIMO PRAD\u017dI\u0104<\/b><\/a><\/p>\n<p><a href=\"https:\/\/nomineconsult.com\/wp-content\/uploads\/2023\/12\/GG-33-VE-PAV-ES-merged.pdf\"><strong>GG LTU S31, UAB, IKI 33 V\u0116JO ELEKTRINI\u0172 PARKAS K\u0116DAINI\u0172 R. SAV., PERNARAVOS SEN.ATASKAITA<\/strong><\/a><\/p>\n<p><a href=\"https:\/\/nomineconsult.com\/wp-content\/uploads\/2023\/12\/Informacija-apie-parengt-PAV-ataskait-2.pdf\" target=\"_blank\" rel=\"noopener\"><b>INFORMACINIS SKELBIMAS APIE PARENGT\u0104\u00a0<\/b><strong>GG LTU S31, UAB, IKI 33 V\u0116JO ELEKTRINI\u0172 PARKAS K\u0116DAINI\u0172 R. SAV., PERNARAVOS SENPAV ATASKAIT\u0104<\/strong><\/a><\/p>\n<p><a href=\"https:\/\/nomineconsult.com\/wp-content\/uploads\/2024\/01\/1.-Praneimas-apie-PAV-pradi-1-Kretinga.pdf\"><strong>\u201ePrane\u0161imas apie vandenilio ir metanolio gamyklos, adresu Kretingos r. sav., Darb\u0117n\u0173 sen., Auks\u016bd\u017eio k., sklypuose, kuri\u0173 unikal\u016bs Nr. 5604-0008-0024, 5604-0008-0016, 5604-0008-0013, 5604-0008-0007, poveikio aplinkai vertinimo prad\u017ei\u0105\u201c<\/strong><\/a><\/p>\n<p><a href=\"https:\/\/nomineconsult.com\/wp-content\/uploads\/2024\/01\/2.-Praneimas-apie-PAV-pradi-4-Naujoji-Akmen.pdf\"><strong>\u201ePrane\u0161imas apie vandenilio ir metanolio gamyklos, adresu Akmen\u0117s r. sav., Naujosios Akmen\u0117s miesto sen., Naujojoje Akmen\u0117je, sklypuose, kuri\u0173 unikal\u016bs Nr. 4400-2102-9292, 3233-0007-0045, poveikio aplinkai vertinimo prad\u017ei\u0105\u201c<\/strong><\/a>[\/vc_column_text][\/vc_column][\/vc_row][vc_row][vc_column][\/vc_column][\/vc_row]\n<\/div>","protected":false},"excerpt":{"rendered":"<p>[vc_row][vc_column][vc_column_text] Aplinkosauga Nuo pat \u012fk\u016brimo dienos UAB \u201cNomine Consult\u201d savo klientams si\u016blo i\u0161samias konsultacijas aplinkosaugos srityje. Prad\u0117j\u0119 dirbti i\u0161skirtinai su energetikos objektais paslaugas i\u0161pl\u0117t\u0117me ir dabar jas teikiame labai \u012fvairiems u\u017esakovams nepriklausomai nuo j\u0173 veiklos. Mes atliekame \u012fvairias aplinkosaugines studijas, oro tar\u0161os, triuk\u0161mo skai\u010diavimus, poveikio aplinkai vertinimus (PAV), poveikio visuomen\u0117s sveikatai vertinimus (PVSV), plan\u0173 ir&hellip;<\/p>\n","protected":false},"author":1,"featured_media":0,"parent":959,"menu_order":0,"comment_status":"closed","ping_status":"closed","template":"templates\/left-sidebar.php","meta":{"footnotes":""},"class_list":["post-963","page","type-page","status-publish","hentry","entry","no-media"],"_links":{"self":[{"href":"https:\/\/nomineconsult.com\/lt\/wp-json\/wp\/v2\/pages\/963","targetHints":{"allow":["GET"]}}],"collection":[{"href":"https:\/\/nomineconsult.com\/lt\/wp-json\/wp\/v2\/pages"}],"about":[{"href":"https:\/\/nomineconsult.com\/lt\/wp-json\/wp\/v2\/types\/page"}],"author":[{"embeddable":true,"href":"https:\/\/nomineconsult.com\/lt\/wp-json\/wp\/v2\/users\/1"}],"replies":[{"embeddable":true,"href":"https:\/\/nomineconsult.com\/lt\/wp-json\/wp\/v2\/comments?post=963"}],"version-history":[{"count":154,"href":"https:\/\/nomineconsult.com\/lt\/wp-json\/wp\/v2\/pages\/963\/revisions"}],"predecessor-version":[{"id":2226,"href":"https:\/\/nomineconsult.com\/lt\/wp-json\/wp\/v2\/pages\/963\/revisions\/2226"}],"up":[{"embeddable":true,"href":"https:\/\/nomineconsult.com\/lt\/wp-json\/wp\/v2\/pages\/959"}],"wp:attachment":[{"href":"https:\/\/nomineconsult.com\/lt\/wp-json\/wp\/v2\/media?parent=963"}],"curies":[{"name":"wp","href":"https:\/\/api.w.org\/{rel}","templated":true}]}}