{"id":984,"date":"2020-05-21T12:25:13","date_gmt":"2020-05-21T09:25:13","guid":{"rendered":"https:\/\/nomineconsult.com\/about-us\/"},"modified":"2026-02-09T21:13:23","modified_gmt":"2026-02-09T18:13:23","slug":"about-us","status":"publish","type":"page","link":"https:\/\/nomineconsult.com\/et\/about-us\/","title":{"rendered":"Meist"},"content":{"rendered":"<div class=\"wpb-content-wrapper\">[vc_row][vc_column][vc_column_text css=&#8221;&#8221;]\n<h1 style=\"text-align: justify;\">Kes me oleme<\/h1>\n<p style=\"text-align: justify;\">Nomine Consult on konsultatsiooni- ja n\u00f5ustamisettev\u00f5te kontoritega Tallinnas ja V\u00f5rus ning Vilniuses. Ettev\u00f5te asutati algselt 1993. aastal Tallinnas. P\u00e4rast sarnase ettev\u00f5ttega \u00fchinemist, mis alustas 2006. aastal Vilniuses, muutis ettev\u00f5te 2017. aastal nime Nomine Consult&#8217;iks. 2025. aasta aprillis \u00fchinesime Elomatic Groupiga.<\/p>\n<p style=\"text-align: justify;\">Meie Eesti ja Leedu kontorites t\u00f6\u00f6tab \u00fcle 30 professionaalse ja kogenud n\u00f5ustaja ning konsultandi, kellest enamik on soojus-, elektri-, k\u00fctte-, ventilatsiooni-, mehaanika-, ehitus- ja keskkonnainsenerid. Nii Eestis kui Leedus oleme tuntud ja tunnustatud professionaalsete n\u00f5ustamisteenuste pakkujatena.<\/p>\n<p style=\"text-align: justify;\">Pakume oma klientidele energia- ja keskkonna-alaseid n\u00f5ustamisteenuseid, omanikuinseneriteenuseid ning kasvuhoonegaaside heitkoguste aruannete t\u00f5endamist. Meie teenused p\u00f5hinevad p\u00e4devusel ja professionaalse vastutuse tunnetamisel. Nomine Consult on meie klientide esimene valik, sest nad saavad usaldada meie p\u00f5hiv\u00e4\u00e4rtusi \u2013 k\u00f5rget \u00e4rieetikat, s\u00f5ltumatust, erapooletust, t\u00e4psust, konfidentsiaalsust ja j\u00e4tkusuutlikkust.<\/p>\n<p style=\"text-align: justify;\">Nomine Consult\u2019i kvaliteedi- ja keskkonnajuhtimiss\u00fcsteemid on sertifitseeritud Kiwa Eesti O\u00dc poolt ja vastavad ISO 9001:2015 ja 14001:2015 standarditele.<\/p>\n[\/vc_column_text][vc_column_text css=&#8221;.vc_custom_1631170735623{margin-top: 20px !important;}&#8221;]\n<h1 style=\"text-align: justify;\">Meie missioon<\/h1>\n<p style=\"text-align: justify;\">Nomine Consult pakub p\u00e4devat, erapooletut ja innovatiivset n\u00f5u ja inseneriteenuseid energeetika ja keskkonna valdkonnas.<\/p>\n[\/vc_column_text][vc_column_text css=&#8221;.vc_custom_1681716141443{margin-top: 20px !important;}&#8221;]\n<h1 style=\"text-align: justify;\">Meie p\u00f5hiv\u00e4\u00e4rtused ehk kvaliteedipoliitika<\/h1>\n<ul>\n<li>Kompetents, erapooletus ja t\u00e4psus;<\/li>\n<li>Paindlikkus ja kvaliteet;<\/li>\n<li>Tegutsemine vastavuses kehtivate seaduste ja normidega;<\/li>\n<li>Orienteeritus seatud eesm\u00e4rkide saavutamisele;<\/li>\n<li>Ohutud t\u00f6\u00f6tingimused, keskkonna saastamise \u00e4rahoidmine ja keskkonnam\u00f5ju v\u00e4hendamine;<\/li>\n<li>Kvaliteedi- ja keskkonnajuhtimiss\u00fcsteemide pidev parendamine.<\/li>\n<\/ul>\n[\/vc_column_text][vc_column_text css=&#8221;.vc_custom_1631170842200{margin-top: 20px !important;}&#8221;]\n<h1 style=\"text-align: justify;\">Meie br\u00e4ndi lugu<\/h1>\n<p><em>in nomine<\/em> tuleb ladina keelest ja t\u00e4hendab <em>(kellegi) nimel, \u00fclesandel<\/em><\/p>\n<p>Meie nimi peegeldab, et<\/p>\n<ul>\n<li>me Nomines tahame olla oma klientide poolt nimetatud nende partneriks<\/li>\n<li>me tavaliselt tegutseme oma klientide nimel<\/li>\n<li>meie partnerid on nimetanud meid usaldusv\u00e4\u00e4rseks, ausaks ja t\u00e4pseks<\/li>\n<\/ul>\n<p>Nomine Consult-i kaubam\u00e4rk on registreeritud.<br \/>\n[\/vc_column_text][vc_column_text css=&#8221;.vc_custom_1631171145786{margin-top: 20px !important;}&#8221;]\n<h1>Miks meie<\/h1>\n<ul>\n<li>KOGEMUS \u2013 alustasime 1993 \u2013 ligi 30 aastat j\u00e4rjepidevat t\u00f6\u00f6d;<\/li>\n<li>PROFESSIONAALSUS JA P\u00c4DEVUS \u2013 kui liita oskused pikaajalise kogemuse ja pideva \u00f5ppimisega;<\/li>\n<li>S\u00d5LTUMATUS ja ERAPOOLETUS \u2013 me ei ole seotud \u00fchegi seadmetootja, -tarnija ega muu huvigrupiga;<\/li>\n<li>KVALITEET \u2013 me pole kunagi oma teenuseid reklaaminud, t\u00f6\u00f6tulemused n\u00e4itavad seda;<\/li>\n<li>AUSUS, T\u00c4PSUS ja USALDUSV\u00c4\u00c4RSUS \u2013 n\u00f5ustaja m\u00fc\u00fcb usaldust, mida on raske saavutada, kuid kerge kaotada;<\/li>\n<li>KONFIDENTSIAALSUS \u2013 me ei r\u00e4\u00e4gi oma klientide t\u00f6\u00f6dest ega tegemistest;<\/li>\n<li>LUBADUSTE PIDAMINE \u2013 \u00fctleme, mida m\u00f5tleme ja teeme, mida \u00fctleme.<\/li>\n<\/ul>\n[\/vc_column_text][vc_column_text css=&#8221;.vc_custom_1609270026347{margin-top: 20px !important;}&#8221;]Future. Advised since 1993.[\/vc_column_text][vc_column_text][\/vc_column_text][\/vc_column][\/vc_row]\n<\/div>","protected":false},"excerpt":{"rendered":"<p>[vc_row][vc_column][vc_column_text css=&#8221;&#8221;] Kes me oleme Nomine Consult on konsultatsiooni- ja n\u00f5ustamisettev\u00f5te kontoritega Tallinnas ja V\u00f5rus ning Vilniuses. Ettev\u00f5te asutati algselt 1993. aastal Tallinnas. P\u00e4rast sarnase ettev\u00f5ttega \u00fchinemist, mis alustas 2006. aastal Vilniuses, muutis ettev\u00f5te 2017. aastal nime Nomine Consult&#8217;iks. 2025. aasta aprillis \u00fchinesime Elomatic Groupiga. Meie Eesti ja Leedu kontorites t\u00f6\u00f6tab \u00fcle 30 professionaalse ja&hellip;<\/p>\n","protected":false},"author":3,"featured_media":0,"parent":0,"menu_order":0,"comment_status":"closed","ping_status":"closed","template":"","meta":{"footnotes":""},"class_list":["post-984","page","type-page","status-publish","hentry","entry","no-media"],"_links":{"self":[{"href":"https:\/\/nomineconsult.com\/et\/wp-json\/wp\/v2\/pages\/984","targetHints":{"allow":["GET"]}}],"collection":[{"href":"https:\/\/nomineconsult.com\/et\/wp-json\/wp\/v2\/pages"}],"about":[{"href":"https:\/\/nomineconsult.com\/et\/wp-json\/wp\/v2\/types\/page"}],"author":[{"embeddable":true,"href":"https:\/\/nomineconsult.com\/et\/wp-json\/wp\/v2\/users\/3"}],"replies":[{"embeddable":true,"href":"https:\/\/nomineconsult.com\/et\/wp-json\/wp\/v2\/comments?post=984"}],"version-history":[{"count":14,"href":"https:\/\/nomineconsult.com\/et\/wp-json\/wp\/v2\/pages\/984\/revisions"}],"predecessor-version":[{"id":2218,"href":"https:\/\/nomineconsult.com\/et\/wp-json\/wp\/v2\/pages\/984\/revisions\/2218"}],"wp:attachment":[{"href":"https:\/\/nomineconsult.com\/et\/wp-json\/wp\/v2\/media?parent=984"}],"curies":[{"name":"wp","href":"https:\/\/api.w.org\/{rel}","templated":true}]}}