{"id":975,"date":"2020-05-21T13:32:16","date_gmt":"2020-05-21T10:32:16","guid":{"rendered":"https:\/\/nomineconsult.com\/services\/energy-advisory\/"},"modified":"2022-11-17T15:58:31","modified_gmt":"2022-11-17T12:58:31","slug":"energy-advisory","status":"publish","type":"page","link":"https:\/\/nomineconsult.com\/et\/services\/energy-advisory\/","title":{"rendered":"Energeetikakonsultatsioon"},"content":{"rendered":"<div class=\"wpb-content-wrapper\">[vc_row][vc_column][vc_column_text]\n<h1>Eel- ja tasuvusuuringud<\/h1>\n<p style=\"text-align: justify;\">Eel- ja tasuvusuuring on iga energiasektori arendusprojekti lahutamatu osa. Erinevate lahenduste majandusliku sisu v\u00e4ljaselgitamiseks kasutatakse tasuvusarvutusi, millel on m\u00e4\u00e4rav roll projekti v\u00e4ljat\u00f6\u00f6tamise k\u00e4igus erinevate tehniliste kontseptsioonide v\u00f5i lahendusv\u00f5imaluste vahel valikute tegemisel.<\/p>\n[\/vc_column_text][\/vc_column][\/vc_row][vc_row][vc_column][vc_tta_accordion active_section=&#8221;9999&#8243; collapsible_all=&#8221;true&#8221;][vc_tta_section title=&#8221;Valitud referentsid&#8221; tab_id=&#8221;1602500686905-b305a024-f260&#8243;][vc_column_text]\n<ul>\n<li>LNG ujuvterminali eeluuring. Konfidentsiaalne klient, Eesti, 2021;<\/li>\n<li>Avaliku sektori hoonete soojustuse renoveerimise eeluuring Kamijanske linnas Ukrainas, NEFCO FUTF, Soome, 2020;<\/li>\n<li>Kavandatava Harku serveripargi heitsoojuse kasutusv\u00f5imaluste eeluuring, MCF Estonia O\u00dc, Eesti, 2019;<\/li>\n<li>Pr\u00fcgip\u00f5letus-koostootmisjaama eeluuring linna jaoks L\u00e4tis, Fortum Latvia SIA, L\u00e4ti, 2019;<\/li>\n<li>Kavandatava pumph\u00fcdroelektrijaama eeluuring. Eesti Energia AS, Eesti, 2018.<\/li>\n<\/ul>\n[\/vc_column_text][\/vc_tta_section][\/vc_tta_accordion][\/vc_column][\/vc_row][vc_row][vc_column][vc_column_text]\n<h1>Tehnilise kontseptsiooni v\u00e4ljat\u00f6\u00f6tamine<\/h1>\n<p style=\"text-align: justify;\">Tehniline kontseptsioon on iga energiasektori projekti arendamise olemus. Sellise kontseptsiooni, mida m\u00f5nikord nimetatakse ka eel-eel-uuringuks, v\u00e4ljat\u00f6\u00f6tamise m\u00f5te on luua ja kirjeldada v\u00f5imalikke tehnilisi lahendusi, et m\u00e4\u00e4rata p\u00e4ikese-, tuule- v\u00f5i tavaelektrijaama, katlamaja, t\u00f6\u00f6stusettev\u00f5tte v\u00f5i m\u00f5ne muu objekti p\u00f5hiparameetrid. \u00d5igeaegne ja h\u00e4sti koostatud tehniline kontseptsioon s\u00e4\u00e4stab j\u00e4rgmiste arendusetappids kulusid m\u00e4rgatavalt.<\/p>\n[\/vc_column_text][\/vc_column][\/vc_row][vc_row][vc_column][vc_tta_accordion active_section=&#8221;9999&#8243; collapsible_all=&#8221;true&#8221;][vc_tta_section title=&#8221;Valitud referentsid&#8221; tab_id=&#8221;1602500683597-09f9078a-fcd6&#8243;][vc_column_text]\n<ul>\n<li>P\u00e4rnu koostootmisjaama alternatiivsete k\u00fctuste koosp\u00f5letamise tehnilise kontseptsiooni v\u00e4ljat\u00f6\u00f6tamine, Fortum Eesti AS, Eesti, 2020;<\/li>\n<li>Broceni biok\u00fctusel koostootmisjaama &#8220;saarena&#8221; t\u00f6\u00f6tamise tehnilise kontseptsiooni v\u00e4ljat\u00f6\u00f6tamine, Nelja Energia AS, L\u00e4ti, 2018;<\/li>\n<li>Pr\u00fcgip\u00f5letus-koostootmisjaama tehniliste alternatiivide v\u00e4ljat\u00f6\u00f6tamine. Fortum Latvia SIA, L\u00e4ti, 2018;<\/li>\n<li>Kavandatava Paldiski pumph\u00fcdroelektrijaama tehnilise kontseptsiooni \u00fclevaatus, Energiasalv Pakri O\u00dc, Eesti, 2017;<\/li>\n<li>Madala kalorsusega t\u00f6\u00f6stusliku j\u00e4\u00e4ksoojuse kasutamise tehnilise kontseptsiooni v\u00e4ljat\u00f6\u00f6tamine, Eesti Energia AS, Eesti, 2016.<\/li>\n<\/ul>\n[\/vc_column_text][\/vc_tta_section][\/vc_tta_accordion][\/vc_column][\/vc_row][vc_row][vc_column][vc_column_text]\n<h1>Energiakasutuse arengukavad, turu-uuringud ja anal\u00fc\u00fcsid<\/h1>\n<p>Energiakasutuse arengukava v\u00f5i kliima- ja energiakava nii ettev\u00f5tte, kohaliku omavalitsuse kui ka riigi tasandil annab tervikliku \u00fclevaate hetkeseisust ning s\u00e4testab arengueesm\u00e4rgid ja nende saavutamiseks vajalikud tegevused otsustustasanditele. Oleme erinevate uuringute raames hinnanud piirkondlikke k\u00fctuseressursse, energiaturu korraldust, \u00f5iguslikku tausta, arenguperspektiive ja turupotentsiaali, investeerimisprioriteete ja \u00e4riv\u00f5imalusi ning k\u00f5igi nende seotust kliimaambitsioonidega. Enamjaolt on tegemist n\u00f6 r\u00e4tsepat\u00f6\u00f6ga vastavalt kliendi erisoovidele.[\/vc_column_text][\/vc_column][\/vc_row][vc_row][vc_column][vc_tta_accordion active_section=&#8221;9999&#8243; collapsible_all=&#8221;true&#8221;][vc_tta_section title=&#8221;Valitud referentsid&#8221; tab_id=&#8221;1602502684619-e6337531-12a5&#8243;][vc_column_text]\n<ul>\n<li>Tartu maakonna kliima- ja energiakava koostamine (koost\u00f6\u00f6s Consultare O\u00dc-ga), Eesti, 2022;<\/li>\n<li>Keila linna vesiniku teekaardi koostamine, Kuninglik Hollandi Saatkond Eestis ja Keila Linnavalitsus, Eesti, 2021;<\/li>\n<li>DG REGIO Euroopa Regionaalarengu Fondist ja \u00dchtekuuluvusfondist ajavahemikul 2000-2013 toetatud suurprojektide j\u00e4relhindamine, Eesti, 2019;<\/li>\n<li>Kavandatava p\u00e4ikeseelektrijaama majandusn\u00e4itajate anal\u00fc\u00fcs, konfidentsiaalne klient, Eesti, 2018;<\/li>\n<li>Kaugk\u00fctteseadme tehniline uurimine Eesti elektrijaamas, Enefit Energiatootmine AS, Eesti, 2018;<\/li>\n<li>Turu-uuring B-2-B klientide leidmiseks kaugk\u00fcttesektoris, konfidentsiaalne klient, Eesti, 2018.<\/li>\n<\/ul>\n[\/vc_column_text][\/vc_tta_section][\/vc_tta_accordion][\/vc_column][\/vc_row][vc_row][vc_column][vc_column_text]\n<h1>Energiaauditid<\/h1>\n<p style=\"text-align: justify;\">Energiaaudit on s\u00fcstemaatiline protseduur, mis annab adekvaatse arusaamise olemasolevast energiakasutusest, m\u00e4\u00e4ratleb faktorid, millised m\u00f5jutavad energiatarbimist ning m\u00e4\u00e4ratleb ja j\u00e4rjestab tasuvad energias\u00e4\u00e4stuv\u00f5imalused. See v\u00f5ib sisaldada ka protsessi v\u00f5i s\u00fcsteemi, et v\u00e4hendada sisenevat energiahulka ilma, et see m\u00f5jutaks negatiivselt v\u00e4ljundit. \u00c4ri- ja t\u00f6\u00f6stuskinnisvara ja -protsesside puhul on energiaaudit esimene samm energiakulude ja s\u00fcsiniku jalaj\u00e4lje v\u00e4hendamise v\u00f5imaluste v\u00e4ljaselgitamisel. Viime l\u00e4bi nii suurettev\u00f5tete energiaauditeid kui ka ressursiauditeid.<\/p>\n[\/vc_column_text][\/vc_column][\/vc_row][vc_row][vc_column][vc_tta_accordion active_section=&#8221;9999&#8243; collapsible_all=&#8221;true&#8221;][vc_tta_section title=&#8221;Valitud referentsid&#8221; tab_id=&#8221;1602502726123-b68950ef-7a77&#8243;][vc_column_text]\n<ul>\n<li>Kaamos Group O\u00dc suurettev\u00f5tte energiaauditi koostamine, Eesti 2022;<\/li>\n<li>Leonhard Weiss O\u00dc suurettev\u00f5tte energiatarbimise aruande koostamine, Eesti, 2021;<\/li>\n<li style=\"text-align: justify;\">Premia k\u00fclmhoone energiaauditi koostamine, Eesti,\u00a0 2020;<\/li>\n<li style=\"text-align: justify;\">ABB Estonia suurettev\u00f5tte energiaauditi koostamine, Eesti, 2019;<\/li>\n<li style=\"text-align: justify;\">G4S Estonia suurettev\u00f5tte energiaauditi koostamine, Eesti, 2019;<\/li>\n<li>Eesti Liinirongid (Elron) suurettev\u00f5tte energiaauditi koostamine, Eesti, 2019.<\/li>\n<\/ul>\n[\/vc_column_text][\/vc_tta_section][\/vc_tta_accordion][\/vc_column][\/vc_row][vc_row][vc_column][vc_column_text]\n<h1>Tehniline <em>due diligence<\/em><\/h1>\n<p style=\"text-align: justify;\">Energiasektorisse investeerimine eeldab riskide head m\u00f5istmist. Tehniline <em>due diligence<\/em> on peamine riskijuhtimise t\u00f6\u00f6riist, mis aitab enne teadliku otsuse tegemist tuvastada \u00fchinemise, jagunemise v\u00f5i omandamisega seotud investeeringu piirangud ja v\u00f5imalused. Tehnilist <em>due diligence\u2019i<\/em> tehakse tavaliselt koos keskkonna-alase ning vajadusel ka ohutusalase <em>due diligence<\/em>\u2019iga ning selliste teenuste ulatus kohandatakse vastavalt iga kliendi soovidele ja vajadustele.<\/p>\n[\/vc_column_text][\/vc_column][\/vc_row][vc_row][vc_column][vc_tta_accordion active_section=&#8221;9999&#8243; collapsible_all=&#8221;true&#8221;][vc_tta_section title=&#8221;Valitud referentsid&#8221; tab_id=&#8221;1590076669659-2d9ac47c-a832&#8243;][vc_column_text]\n<ul>\n<li>Laiendatava serveripargi tehniline <em>due diligence<\/em>, konfidentsiaalne klient, L\u00e4ti, 2022;<\/li>\n<li>Kavandatava p\u00e4ikeseelektrijaama tehniline <em>due diligence<\/em>, konfidentsiaalne klient, Eesti 2021;<\/li>\n<li style=\"text-align: justify;\">Katlamajade ja kaugk\u00fcttev\u00f5rgu tehniline ja keskkonna-alane <em>due diligence<\/em>, konfidentsiaalne klient, Eesti, 2020;<\/li>\n<li style=\"text-align: justify;\">Eri t\u00fc\u00fcpi katlamajade ja kaugk\u00fcttev\u00f5rkude tehniline ja keskkonna-alane <em>due diligence<\/em>, konfidentsiaalne klient, Eesti, 2019;<\/li>\n<li style=\"text-align: justify;\">Biok\u00fctusel koostootmisjaamade, biogaasijaamade ja elektrituulikuparkide tehniline <em>due diligence<\/em> Eestis, L\u00e4tis ja Leedus), konfidentsiaalne klient, 2018;<\/li>\n<li style=\"text-align: justify;\">Koostootmisjaamade, katlamajade ja kaugk\u00fcttev\u00f5rkude tehniline due diligence,konfidentsiaalne klient, L\u00e4ti 2017.<\/li>\n<\/ul>\n[\/vc_column_text][\/vc_tta_section][\/vc_tta_accordion][\/vc_column][\/vc_row][vc_row][vc_column][vc_column_text]\n<h1>Kontakt<\/h1>\n<p style=\"text-align: justify;\">Eestis:\u00a0 \u00a0 \u00a0 \u00a0 J\u00fcri Alasi\u00a0 \u00a0 \u00a0 \u00a0 \u00a0 \u00a0 \u00a0 \u00a0 \u00a0 \u00a0 \u00a0 \u00a0 \u00a0 \u00a0jyri.alasi@nomineconsult.com<\/p>\n<p>Leedus:\u00a0 \u00a0 \u00a0Gintvil\u0117 \u017dvirblyt\u0117\u00a0 \u00a0 \u00a0 \u00a0 \u00a0 \u00a0 gintvile.zvirblyte@nomineconsult.com[\/vc_column_text][\/vc_column][\/vc_row]\n<\/div>","protected":false},"excerpt":{"rendered":"<p>[vc_row][vc_column][vc_column_text] Eel- ja tasuvusuuringud Eel- ja tasuvusuuring on iga energiasektori arendusprojekti lahutamatu osa. Erinevate lahenduste majandusliku sisu v\u00e4ljaselgitamiseks kasutatakse tasuvusarvutusi, millel on m\u00e4\u00e4rav roll projekti v\u00e4ljat\u00f6\u00f6tamise k\u00e4igus erinevate tehniliste kontseptsioonide v\u00f5i lahendusv\u00f5imaluste vahel valikute tegemisel. [\/vc_column_text][\/vc_column][\/vc_row][vc_row][vc_column][vc_tta_accordion active_section=&#8221;9999&#8243; collapsible_all=&#8221;true&#8221;][vc_tta_section title=&#8221;Valitud referentsid&#8221; tab_id=&#8221;1602500686905-b305a024-f260&#8243;][vc_column_text] LNG ujuvterminali eeluuring. Konfidentsiaalne klient, Eesti, 2021; Avaliku sektori hoonete soojustuse renoveerimise eeluuring Kamijanske&hellip;<\/p>\n","protected":false},"author":1,"featured_media":0,"parent":958,"menu_order":0,"comment_status":"closed","ping_status":"closed","template":"templates\/left-sidebar.php","meta":{"footnotes":""},"class_list":["post-975","page","type-page","status-publish","hentry","entry","no-media"],"_links":{"self":[{"href":"https:\/\/nomineconsult.com\/et\/wp-json\/wp\/v2\/pages\/975","targetHints":{"allow":["GET"]}}],"collection":[{"href":"https:\/\/nomineconsult.com\/et\/wp-json\/wp\/v2\/pages"}],"about":[{"href":"https:\/\/nomineconsult.com\/et\/wp-json\/wp\/v2\/types\/page"}],"author":[{"embeddable":true,"href":"https:\/\/nomineconsult.com\/et\/wp-json\/wp\/v2\/users\/1"}],"replies":[{"embeddable":true,"href":"https:\/\/nomineconsult.com\/et\/wp-json\/wp\/v2\/comments?post=975"}],"version-history":[{"count":37,"href":"https:\/\/nomineconsult.com\/et\/wp-json\/wp\/v2\/pages\/975\/revisions"}],"predecessor-version":[{"id":1559,"href":"https:\/\/nomineconsult.com\/et\/wp-json\/wp\/v2\/pages\/975\/revisions\/1559"}],"up":[{"embeddable":true,"href":"https:\/\/nomineconsult.com\/et\/wp-json\/wp\/v2\/pages\/958"}],"wp:attachment":[{"href":"https:\/\/nomineconsult.com\/et\/wp-json\/wp\/v2\/media?parent=975"}],"curies":[{"name":"wp","href":"https:\/\/api.w.org\/{rel}","templated":true}]}}