{"id":966,"date":"2020-05-21T13:37:38","date_gmt":"2020-05-21T10:37:38","guid":{"rendered":"https:\/\/nomineconsult.com\/services\/owners-engineering-services\/"},"modified":"2022-11-20T22:17:20","modified_gmt":"2022-11-20T19:17:20","slug":"owners-engineering-services","status":"publish","type":"page","link":"https:\/\/nomineconsult.com\/et\/services\/owners-engineering-services\/","title":{"rendered":"Omanikuinseneriteenused"},"content":{"rendered":"<div class=\"wpb-content-wrapper\">[vc_row][vc_column][vc_column_text]\n<h1>Omanikuinseneriteenused ja projektijuhtimisteenused<\/h1>\n<p style=\"text-align: justify;\">Energeetikasektori investeerimisprojekte, nagu p\u00e4ikese- ja tuuleelektrijaamad, soojuse ja elektri koostootmisjaamad, soojuselektrijaamad, katlamajad, \u00f5litootmis- ja rafineerimistehased jms, teostatakse tavaliselt kahel erineval viisil:<\/p>\n<ul style=\"text-align: justify;\">\n<li>EPC (Engineering, Procurement, Construction) \u2013 peat\u00f6\u00f6v\u00f5tu meetod, kus v\u00f5tmed k\u00e4tte tarne eest vastutab \u00fcks peat\u00f6\u00f6v\u00f5tja;<\/li>\n<li>EPCM (Engineering, Procurement and Construction Management) \u2013 projektijuhtimise meetod, kus professionaalne projektijuhtimise konsultant juhib projekti tellija nimel.<\/li>\n<\/ul>\n<p style=\"text-align: justify;\">EPC meetodi puhul s\u00f5lmib klient v\u00f5i projekti arendaja k\u00e4ivitusvalmis k\u00e4itise ehitamiseks v\u00f5tmed-k\u00e4tte lepingu. Klient saab oma riske minimeerida ja protsessi kontrollida, rakendades erinevate distsipliinide j\u00e4relevalves kogenud omanikuinseneri, et tulemus oleks lepingutingimustele vastav. Samas peab tellija arvestama sellega, et peat\u00f6\u00f6v\u00f5tja-poolsed riskid kajastuvad projekti maksumuses.<\/p>\n<p style=\"text-align: justify;\">EPCM meetodi puhul palkab klient projektijuhtimise konsultandi, kes abistab teda erinevate lepingute s\u00f5lmimisel (n\u00e4iteks koostootmisjaama puhul v\u00f5ib olla ca 50 erinevat lepingupaketti), t\u00f6\u00f6de koordineerimisel objektil, ehitusj\u00e4relevalve distsipliinide ja ehitust\u00f6\u00f6de juhtimisel kogu projekti v\u00e4ltel. Peamine rinevus EPC-ga seisneb selles, et k\u00f5ik projektiga seotud riskid kannab klient ise, mis alandab projekti maksumust ca 10-15% v\u00f5rreldes EPC mudeliga.<\/p>\n<p style=\"text-align: justify;\">Nomine Consult\u2019il on kogemusi m\u00f5lema meetodi kasutamisest.<\/p>\n[\/vc_column_text][\/vc_column][\/vc_row][vc_row][vc_column][vc_column_text]\n<h1 class=\"main-title\">Hanken\u00f5ustamine<\/h1>\n<p>Hoolitseme selle eest, et meie poolt korraldatavatele hangetele laekuvad v\u00f5rreldavad, asjakohased ja soodsad pakkumused. Hangetega tegelemine koosneb tavaliselt mitmest osast, mis tellitakse k\u00f5ik koos v\u00f5i ka eraldi:<\/p>\n<ul>\n<li>hangete planeerimise n\u00f5ustamine;<\/li>\n<li>v\u00f5imalike pakkujate leidmine;<\/li>\n<li>pakkumisdokumentide koostamine (sh riigihangetele);<\/li>\n<li>laekunud pakkumiste v\u00f5rdlemine, suhtlus pakkujatega ja parima pakkumise v\u00e4ljaselgitamine;<\/li>\n<li>osalemine lepingu l\u00e4bir\u00e4\u00e4kimistel;<\/li>\n<\/ul>\n<p style=\"text-align: justify;\">Meie kogemused v\u00f5imaldavad klientidel osta seda, mida nemad soovivad, mitte seda, mida t\u00f6\u00f6v\u00f5tja soovib m\u00fc\u00fca.<\/p>\n[\/vc_column_text][\/vc_column][\/vc_row][vc_row][vc_column][vc_column_text]\n<h1 class=\"main-title\">Projektdokumentatsiooni kontroll ja ekspertiis<\/h1>\n<p>Vaatame l\u00e4bi projekteerija poolt esitatud ehitusdokumentatsiooni, kontrollime seadmete ja toodete vastavustunnistusi ning hindame allt\u00f6\u00f6v\u00f5tjate p\u00e4devust.[\/vc_column_text][\/vc_column][\/vc_row][vc_row][vc_column][vc_column_text]\n<h1 class=\"main-title\">Omanikuj\u00e4relevalve teenused t\u00f6\u00f6maal<\/h1>\n<p>Teostame t\u00f6\u00f6maal omanikuj\u00e4relevalvet k\u00f5igi oluliste distsipliinide (tsiviil-, keevitus-, mehaanika-, elektri-, I&amp;C, HSEQ ja muu) l\u00f5ikes, osaleme t\u00f6\u00f6maa koosolekutel, j\u00e4lgime lepingu t\u00e4itmist ja projekti \u00fcldist edenemist ning anname kliendile perioodiliselt aru t\u00f6\u00f6maal toimuvast.[\/vc_column_text][\/vc_column][\/vc_row][vc_row][vc_column][vc_column_text]\n<h1 class=\"main-title\">Garantiiperioodi j\u00e4relevalve<\/h1>\n<p>J\u00e4lgime, et k\u00f5ik tuvastatud puudused k\u00f5rvaldatakse kokkulepitud aja jooksul, koostame garantiiperioodi raportid ja teostame garantiit\u00f6\u00f6de j\u00e4relevalvet.[\/vc_column_text][\/vc_column][\/vc_row][vc_row][vc_column][vc_column_text]\n<h1 class=\"main-title\">Projektijuhtimisteenused<\/h1>\n<p>Projektijuhtimisteenus h\u00f5lmab kogu projekti juhtimist koos k\u00f5igi v\u00f5i osa \u00fclalnimetatud teenustega, millised on kohandatud vastavalt kliendi n\u00e4gemusele ja soovidele.[\/vc_column_text][\/vc_column][\/vc_row][vc_row][vc_column][vc_column_text]\n<h1 class=\"main-title\">Panga inseneri teenused<\/h1>\n<p style=\"text-align: justify;\">Panga inseneri teenused h\u00f5lmavad k\u00f5iki v\u00f5i osa \u00fclalnimetatud teenuseid, millised on kohandatud vastavalt panga v\u00f5i laenuandja soovidele.<\/p>\n[\/vc_column_text][\/vc_column][\/vc_row][vc_row][vc_column][vc_tta_accordion active_section=&#8221;0&#8243; collapsible_all=&#8221;true&#8221;][vc_tta_section title=&#8221;Valitud referentsid&#8221; tab_id=&#8221;1602503436115-67ed19be-eaa5&#8243;][vc_column_text]\n<ul>\n<li style=\"text-align: justify;\">Kaunas 24 MWel\/70 MWth pr\u00fcgip\u00f5letuse + biomassi elektri- ja soojuse koostootmisjaam, Leedu, EPCM teenused (osaliselt);<\/li>\n<li style=\"text-align: justify;\">V\u00e4gari torrefitseeritud pelletite tehas (157 000 t\/a), Eesti, t\u00f6\u00f6maa juhtimine ja ehitusj\u00e4relevalve;<\/li>\n<li style=\"text-align: justify;\">Auvere 300 MWel p\u00f5levkivi+biomassi elektrijaam, Eesti, omanikuinseneriteenused (osaliselt);<\/li>\n<li>Iru 17 MWel\/50 MWth elektrijaama pr\u00fcgip\u00f5letusbloki omanikuinseneriteenused, Eesti;<\/li>\n<li style=\"text-align: justify;\">Klaipeda 20 MWel\/50MWth pr\u00fcgip\u00f5letuse+biomassi koostootmisjaam, Leedu, EPCM teenused (osaliselt);<\/li>\n<li style=\"text-align: justify;\">Lithuanian Power Plant 445 MWe CCGT projekt, Leedu, omanikuinseneriteenused (osaliselt);<\/li>\n<li style=\"text-align: justify;\">Kiisa 250 MWel avarii-reservelektrijaam, Eesti, omanikuinseneriteenused.<\/li>\n<\/ul>\n[\/vc_column_text][\/vc_tta_section][\/vc_tta_accordion][\/vc_column][\/vc_row][vc_row][vc_column][vc_column_text]\n<h1 class=\"main-title\">Kontakt<\/h1>\n<p>Eestis:\u00a0 \u00a0 \u00a0 \u00a0 \u00a0 J\u00fcri Alasi\u00a0 \u00a0 \u00a0 \u00a0 \u00a0 \u00a0 \u00a0 \u00a0 \u00a0 \u00a0 \u00a0 \u00a0 \u00a0jyri.alasi@nomineconsult.com<\/p>\n<p>Leedus:\u00a0 \u00a0 \u00a0 \u00a0Gintvil\u0117 \u017dvirblyt\u0117\u00a0 \u00a0 \u00a0 \u00a0 \u00a0 gintvile.zvirblyte@nomineconsult.com[\/vc_column_text][\/vc_column][\/vc_row]\n<\/div>","protected":false},"excerpt":{"rendered":"<p>[vc_row][vc_column][vc_column_text] Omanikuinseneriteenused ja projektijuhtimisteenused Energeetikasektori investeerimisprojekte, nagu p\u00e4ikese- ja tuuleelektrijaamad, soojuse ja elektri koostootmisjaamad, soojuselektrijaamad, katlamajad, \u00f5litootmis- ja rafineerimistehased jms, teostatakse tavaliselt kahel erineval viisil: EPC (Engineering, Procurement, Construction) \u2013 peat\u00f6\u00f6v\u00f5tu meetod, kus v\u00f5tmed k\u00e4tte tarne eest vastutab \u00fcks peat\u00f6\u00f6v\u00f5tja; EPCM (Engineering, Procurement and Construction Management) \u2013 projektijuhtimise meetod, kus professionaalne projektijuhtimise konsultant juhib projekti&hellip;<\/p>\n","protected":false},"author":1,"featured_media":0,"parent":958,"menu_order":0,"comment_status":"closed","ping_status":"closed","template":"templates\/left-sidebar.php","meta":{"footnotes":""},"class_list":["post-966","page","type-page","status-publish","hentry","entry","no-media"],"_links":{"self":[{"href":"https:\/\/nomineconsult.com\/et\/wp-json\/wp\/v2\/pages\/966","targetHints":{"allow":["GET"]}}],"collection":[{"href":"https:\/\/nomineconsult.com\/et\/wp-json\/wp\/v2\/pages"}],"about":[{"href":"https:\/\/nomineconsult.com\/et\/wp-json\/wp\/v2\/types\/page"}],"author":[{"embeddable":true,"href":"https:\/\/nomineconsult.com\/et\/wp-json\/wp\/v2\/users\/1"}],"replies":[{"embeddable":true,"href":"https:\/\/nomineconsult.com\/et\/wp-json\/wp\/v2\/comments?post=966"}],"version-history":[{"count":35,"href":"https:\/\/nomineconsult.com\/et\/wp-json\/wp\/v2\/pages\/966\/revisions"}],"predecessor-version":[{"id":1579,"href":"https:\/\/nomineconsult.com\/et\/wp-json\/wp\/v2\/pages\/966\/revisions\/1579"}],"up":[{"embeddable":true,"href":"https:\/\/nomineconsult.com\/et\/wp-json\/wp\/v2\/pages\/958"}],"wp:attachment":[{"href":"https:\/\/nomineconsult.com\/et\/wp-json\/wp\/v2\/media?parent=966"}],"curies":[{"name":"wp","href":"https:\/\/api.w.org\/{rel}","templated":true}]}}