{"id":964,"date":"2020-05-21T13:39:02","date_gmt":"2020-05-21T10:39:02","guid":{"rendered":"https:\/\/nomineconsult.com\/services\/greenhouse-gas-emission-reports-verification\/"},"modified":"2025-04-02T16:16:36","modified_gmt":"2025-04-02T13:16:36","slug":"greenhouse-gas-emission-reports-verification","status":"publish","type":"page","link":"https:\/\/nomineconsult.com\/et\/services\/greenhouse-gas-emission-reports-verification\/","title":{"rendered":"Kasvuhoonegaaside heitkoguste aruannete t\u00f5endamine"},"content":{"rendered":"<div class=\"wpb-content-wrapper\">[vc_row][vc_column][vc_column_text css=&#8221;.vc_custom_1743593696830{margin-top: 10px !important;}&#8221;]\n<h1 class=\"main-title\">T\u00f5endamisteenused<\/h1>\n<p style=\"text-align: justify;\">Nomine Consult O\u00dc on Eesti Akrediteerimiskeskuse poolt akrediteeritud kui kasvuhoonegaaside heitkoguste aruannete t\u00f5endamisasutus. Akrediteerimisalaks on kasvuhoonegaaside heitkoguste aruannete t\u00f5endamine atmosf\u00e4\u00e4ri\u00f5hu kaitse seaduse, Euroopa Parlamendi ja n\u00f5ukogu direktiivi 2003\/87\/E\u00dc (EU ETS) ja Euroopa Komisjoni m\u00e4\u00e4ruse (EL) 2018\/2067 alusel alltoodud ulatuses:<\/p>\n<ul style=\"text-align: justify;\">\n<li>1a (k\u00fctuste p\u00f5letamine k\u00e4itistes, kus kasutatakse ainult m\u00e4\u00e4ruses (EL) 2018\/2066 m\u00e4\u00e4ratletud kaubanduslikke standardk\u00fctuseid v\u00f5i kui maagaasi kasutatakse A- v\u00f5i B kategooria k\u00e4itistes);<\/li>\n<li>1b (k\u00fctuste p\u00f5letamine k\u00e4itistes, ilma piiranguteta);<\/li>\n<li>2 (\u00f5li rafineerimine);<\/li>\n<li>6 (lubja tootmine);<\/li>\n<li>98 (muud direktiivi 2003\/87\/E\u00dc artiklile 10a vastavad tegevusalad).<\/li>\n<\/ul>\n<p style=\"text-align: justify;\">L\u00e4htuvalt Keskkonnaministri m\u00e4\u00e4rusest nr. 64 \u201eKasvuhoonegaaside heitkoguse \u00fchikutega kauplemise kord\u201c, peavad Euroopa Liidu emissioonikaubandusega seotud k\u00e4itajad iga aasta 25. m\u00e4rtsiks p\u00e4devale asutusele (Keskkonnaamet) esitama akrediteeritud t\u00f5endaja poolt eelmise kalendriaasta kasvuhoonegaaside (KHG) heitkoguste t\u00f5endatud aruande.<\/p>\n<p style=\"text-align: justify;\">KHG t\u00f5endamisel k\u00e4sitletakse k\u00e4itise seires\u00fcsteemide usaldusv\u00e4\u00e4rsust ja t\u00e4psust ning heitkogustega seotud andmeid ja teavet. KHG heitkoguste t\u00f5endamise protsess on Nomine Consult O\u00dc muudest tegevusest eraldatud ning toimub vastavalt standarditele EVS-EN ISO\/IEC 17029, EVS-EN ISO 14065, EVS-EN ISO 14064-3 ja EVS-ISO 14066, juhendmaterjalidele EA-6\/03, IAF MD6, Euroopa Parlamendi ja n\u00f5ukogu direktiivile 2003\/87\/E\u00dc, Euroopa Komisjoni m\u00e4\u00e4rustele (EL) 2018\/2066, (EL) 2018\/2067, (EL) 2019\/331, (EL) 2019\/1842 ning Eesti Vabariigi keskkonnaministri m\u00e4\u00e4rusele nr. 64.<\/p>\n[\/vc_column_text][vc_column_text css=&#8221;.vc_custom_1743593910009{margin-top: 10px !important;}&#8221;]\n<h1 class=\"main-title\">Erapooletuse deklaratsioon<\/h1>\n<p style=\"text-align: justify;\">Kasvuhoonegaaside heitkoguste aruannete t\u00f5endamine on s\u00f5ltumatu ja erapooletu menetlus ning Nomine Consult O\u00dc kui akrediteeritud t\u00f5endamisasutus j\u00e4rgib t\u00f5endamistegevuses neid p\u00f5him\u00f5tteid ning standardites EVS-EN ISO\/IEC 17029, EVS-EN ISO 14065 ja Euroopa Komisjoni m\u00e4\u00e4ruses (EL) 2018\/2067 erapooletusele ja s\u00f5ltumatusele s\u00e4testatud n\u00f5udeid.<\/p>\n<p>T\u00f5endamisasutus vastutab selle eest, et tema t\u00f5endamisavaldus tugineb piisavatele ja asjakohastele objektiivsetele t\u00f5enditele.<\/p>\n<p style=\"text-align: justify;\">T\u00f5endamisasutuse juhtkond ja personal m\u00f5istab erapooletuse t\u00e4htsust t\u00f5endamistegevuse l\u00e4biviimisel ning kinnitab, et viib t\u00f5endamistegevust ja k\u00e4itiste KHG heitkoguste aruannete kehtestatud n\u00f5uetele vastavuse hindamist l\u00e4bi objektiivselt, s\u00f5ltumatult ja erapooletult. Erapooletuse demonstreerimiseks on kehtestatud poliitika ja eesm\u00e4rgid, m\u00e4\u00e4ratud kindlaks protsessid, vastutus ja ressursid ning l\u00e4bipaistev t\u00f5endamisasutuse struktuur, millega t\u00f5endamistegevus on eraldatud muudest tegevustest. V\u00f5imalike huvide konfliktide ohjamiseks ning t\u00f5endamistegevuse objektiivsuse tagamiseks viib t\u00f5endamisasutus enne iga t\u00f5endamistegevust l\u00e4bi erapooletuse ja s\u00f5ltumatuse hindamise nii t\u00f5endamisasutuse kliendisuhete kui ka t\u00f5endamispersonali tasemel. Rakendatud on protseduurid k\u00f5igi eelnimetatud protsesside toimimiseks ja j\u00e4tkuvaks parendamiseks vastavalt kvaliteedijuhtimiss\u00fcsteemile.<\/p>\n<p style=\"text-align: justify;\">T\u00f5endamisasutus ei paku KHG heitkoguste aruannete v\u00f5i tootmistasemete aruannete t\u00f5endamisega seotud konsultatsiooniteenust k\u00e4itistele, millistega on s\u00f5lmitud t\u00f5endamislepingud.<\/p>\n<p>KHG heitkoguste t\u00f5endamisel kontrollitakse:<\/p>\n<ul>\n<li>heitkogustega seotud andmeid ja teavet;<\/li>\n<li>k\u00e4itise aruandes esitatud tegevusandmeid ning nendega seotud m\u00f5\u00f5tmisi ja arvutusi;<\/li>\n<li>heitekoefitsiendi valikut ja kasutamist;<\/li>\n<li>summaarsete heitkoguste kindlaksm\u00e4\u00e4ramiseks tehtavaid arvutusi;<\/li>\n<li>m\u00f5\u00f5tmismetoodika valikut ja asjakohasust;<\/li>\n<li>j\u00e4relevalves\u00fcsteemide usaldusv\u00e4\u00e4rsust, usutavust ja t\u00e4psust.<\/li>\n<\/ul>\n[\/vc_column_text][vc_column_text css=&#8221;.vc_custom_1743593978071{margin-top: 10px !important;}&#8221;]\n<h1 class=\"main-title\">T\u00f5endamistegevuse etapid<\/h1>\n<p style=\"text-align: justify;\">T\u00f5endamistegevus koosneb j\u00e4rgmistest etappidest:<\/p>\n<ul>\n<li>k\u00e4itajalt vajaliku dokumentatsiooni k\u00fcsimine hindamaks kas t\u00f5endamisasutus saab t\u00f5endamist l\u00e4bi viia v\u00f5i mitte;<\/li>\n<li>pakkumise koostamine ja esitamine;<\/li>\n<li>lepingu s\u00f5lmimine ja t\u00e4htaegade kokkuleppimine;<\/li>\n<li>strateegilise ja riskianal\u00fc\u00fcsi koostamine;<\/li>\n<li>t\u00f5endamiskava ja valimiv\u00f5tuplaani koostamine;<\/li>\n<li>k\u00e4itise k\u00fclastamine, k\u00fclastusaruande koostamine ning esitamine K\u00e4itajale;<\/li>\n<li>t\u00f5endamisaruande esitamine K\u00e4itajale;<\/li>\n<li>KHG heitkoguste kinnitamine registris;<\/li>\n<li>apellatsioonide*\/kaebuste** k\u00e4sitlemine (vajadusel).<\/li>\n<\/ul>\n[\/vc_column_text][vc_column_text css=&#8221;.vc_custom_1743594391012{margin-top: 10px !important;}&#8221;]\n<h1 class=\"main-title\">Apellatsioonide ja kaebuste k\u00e4sitlemine<\/h1>\n<p style=\"text-align: justify;\">Apellatsioone ja kaebusi k\u00e4sitleb t\u00f5endamisasutuse siseselt selleks m\u00e4\u00e4ratud isik, kes on piisavalt kompetentne ning konkreetse k\u00e4itise t\u00f5endamistegevusest s\u00f5ltumatu. Apellatsioonide\/kaebuste k\u00e4sitlemine toimub vastavalt t\u00f5endamisasutuse juhtimiss\u00fcsteemile ning selle kohaselt j\u00e4rgitakse standarditest EVS-EN ISO 9001, EVS-EN ISO\/IEC 17029 ning EVS-EN ISO 14065 kohalduvaid n\u00f5udeid. Apellatsiooni v\u00f5i kaebuse esitanud K\u00e4itaja suhtes ei rakendata eritingimusi.<\/p>\n<p>Apellatsioon\/kaebus tuleb esitada meiliaadressile <a href=\"mailto:info.ee@nomineconsult.com\">info.ee@nomineconsult.com<\/a> Samal aadressil on v\u00f5imalik k\u00fcsida lisainfot apellatsioonide\/kaebuste k\u00e4sitlemise protseduuri kohta.<\/p>\n<p style=\"text-align: justify;\">* apellatsioon (appeal) \u2013 t\u00f5endaja poolt tehtud t\u00f5endamisotsuse kirjalik vaidlustamine (EVS-EN ISO\/IEC 17000);<\/p>\n<p style=\"text-align: justify;\">** kaebus (complaint) \u2013 t\u00f5endamisasutuse kohta tehtud kirjalik rahulolematuse v\u00e4ljendus, mis on seotud asutuse tootega, teenusega v\u00f5i kaebuste k\u00e4sitlemise protsessi endaga (EVS-EN ISO\/IEC 17000).<\/p>\n[\/vc_column_text][\/vc_column][\/vc_row][vc_row][vc_column][vc_tta_accordion active_section=&#8221;0&#8243; collapsible_all=&#8221;true&#8221;][vc_tta_section title=&#8221;Valitud referentsid&#8221; tab_id=&#8221;1602503550236-e4e7fc4b-1825&#8243;][vc_column_text css=&#8221;.vc_custom_1743599792870{margin-top: 10px !important;}&#8221;]\n<ul>\n<li>Eesti Energia AS, Eesti<\/li>\n<li>Gren Eesti AS, Eesti<\/li>\n<li>Gren Tartu AS, Eesti<\/li>\n<li>Gren Viru AS, Eesti<\/li>\n<li>Gren Viljandi AS, Eesti<\/li>\n<li style=\"text-align: justify;\">Amber Grid UAB, Leedu<\/li>\n<li><span class=\"fontstyle0\">Klaip\u0117dos Energija<\/span> AB, Leedu<\/li>\n<li>Elering AS, Eesti<\/li>\n<li>VKG Oil AS, Eesti<\/li>\n<li>VKG Energia AS, Eesti<\/li>\n<li>VKG Soojus O\u00dc, Eesti<\/li>\n<li>Visagino Energija UAB, Leedu<\/li>\n<li>Taurages \u0160ilumos Tinklai UAB, Leedu<\/li>\n<li>Silpower AS, Eesti<\/li>\n<li>Utilitas Eesti AS, Eesti<\/li>\n<li>Utilitas Tallinn AS, Eesti<\/li>\n<li>Utilitas Tallinna Elektrijaam O\u00dc, Eesti<\/li>\n<li>Kuressaare Soojus AS, Eesti<\/li>\n<li>Nordkalk AS, Eesti<\/li>\n<li>Puma Energy Baltics AS, Eesti<\/li>\n<li>Liwathon E.O.S. AS, Eesti<\/li>\n<li>Ignitis Gamyba AB, Leedu<\/li>\n<li>Muuga Storage Terminal O\u00dc, Eesti<\/li>\n<li>Kivi\u00f5li Keemiat\u00f6\u00f6stuse O\u00dc, Eesti<\/li>\n<li>UPM Lappeenranta Biorefinery, Soome<\/li>\n<\/ul>\n[\/vc_column_text][\/vc_tta_section][\/vc_tta_accordion][\/vc_column][\/vc_row][vc_row][vc_column][vc_column_text css=&#8221;.vc_custom_1641989692125{margin-top: 10px !important;}&#8221;]\n<h1 class=\"main-title\">Kontakt<\/h1>\n<p>Katrin Keis, juhtivt\u00f5endaja<\/p>\n<p>katrin.keis@nomineconsult.com[\/vc_column_text][\/vc_column][\/vc_row]\n<\/div>","protected":false},"excerpt":{"rendered":"<p>[vc_row][vc_column][vc_column_text css=&#8221;.vc_custom_1743593696830{margin-top: 10px !important;}&#8221;] T\u00f5endamisteenused Nomine Consult O\u00dc on Eesti Akrediteerimiskeskuse poolt akrediteeritud kui kasvuhoonegaaside heitkoguste aruannete t\u00f5endamisasutus. Akrediteerimisalaks on kasvuhoonegaaside heitkoguste aruannete t\u00f5endamine atmosf\u00e4\u00e4ri\u00f5hu kaitse seaduse, Euroopa Parlamendi ja n\u00f5ukogu direktiivi 2003\/87\/E\u00dc (EU ETS) ja Euroopa Komisjoni m\u00e4\u00e4ruse (EL) 2018\/2067 alusel alltoodud ulatuses: 1a (k\u00fctuste p\u00f5letamine k\u00e4itistes, kus kasutatakse ainult m\u00e4\u00e4ruses (EL) 2018\/2066 m\u00e4\u00e4ratletud&hellip;<\/p>\n","protected":false},"author":1,"featured_media":0,"parent":958,"menu_order":0,"comment_status":"closed","ping_status":"closed","template":"templates\/left-sidebar.php","meta":{"footnotes":""},"class_list":["post-964","page","type-page","status-publish","hentry","entry","no-media"],"_links":{"self":[{"href":"https:\/\/nomineconsult.com\/et\/wp-json\/wp\/v2\/pages\/964","targetHints":{"allow":["GET"]}}],"collection":[{"href":"https:\/\/nomineconsult.com\/et\/wp-json\/wp\/v2\/pages"}],"about":[{"href":"https:\/\/nomineconsult.com\/et\/wp-json\/wp\/v2\/types\/page"}],"author":[{"embeddable":true,"href":"https:\/\/nomineconsult.com\/et\/wp-json\/wp\/v2\/users\/1"}],"replies":[{"embeddable":true,"href":"https:\/\/nomineconsult.com\/et\/wp-json\/wp\/v2\/comments?post=964"}],"version-history":[{"count":53,"href":"https:\/\/nomineconsult.com\/et\/wp-json\/wp\/v2\/pages\/964\/revisions"}],"predecessor-version":[{"id":2094,"href":"https:\/\/nomineconsult.com\/et\/wp-json\/wp\/v2\/pages\/964\/revisions\/2094"}],"up":[{"embeddable":true,"href":"https:\/\/nomineconsult.com\/et\/wp-json\/wp\/v2\/pages\/958"}],"wp:attachment":[{"href":"https:\/\/nomineconsult.com\/et\/wp-json\/wp\/v2\/media?parent=964"}],"curies":[{"name":"wp","href":"https:\/\/api.w.org\/{rel}","templated":true}]}}