{"id":962,"date":"2020-05-21T13:39:27","date_gmt":"2020-05-21T10:39:27","guid":{"rendered":"https:\/\/nomineconsult.com\/services\/environmental-advisory\/"},"modified":"2025-04-02T15:13:42","modified_gmt":"2025-04-02T12:13:42","slug":"environmental-advisory","status":"publish","type":"page","link":"https:\/\/nomineconsult.com\/et\/services\/environmental-advisory\/","title":{"rendered":"Keskkonnakonsultatsioon"},"content":{"rendered":"<div class=\"wpb-content-wrapper\">[vc_row][vc_column][vc_column_text]\n<h1 class=\"main-title\">S\u00fcsiniku jalaj\u00e4lg ja j\u00e4tkusuutlikkus<\/h1>\n<p style=\"text-align: justify;\">Kliimamuutustega toimetulek, kasvuhoonegaaside heite v\u00e4hendamine ja j\u00e4tkusuutlikkus on iga ettev\u00f5tte v\u00f5i organisatsiooni jaoks olulised, et olla t\u00e4nap\u00e4eval nii globaalselt kui lokaalselt konkurentsiv\u00f5imeline ning aidata kaasa kliimamuutustega v\u00f5itlemisel.<\/p>\n<p style=\"text-align: justify;\">S\u00fcsiniku jalaj\u00e4lg on \u00fcks v\u00f5imalus m\u00f5\u00f5ta oma tegevuse m\u00f5jusid keskkonnale ning eriti kliimamuutusele. Aitame oma klientidel arvutada ettev\u00f5tte v\u00f5i organisatsiooni s\u00fcsiniku jalaj\u00e4lge, viia l\u00e4bi kasvuhoonegaaside (KHG) inventuure ning arvutada KHG heitkogust vastavalt rahvusvaheliselt tunnustatud standarditele ja metoodikatele. Kaardistame koos klientidega eesm\u00e4rgid ning aitame koostada tegevuskava kliimaneutraalsuse saavutamisel ja oma keskkonnaeesm\u00e4rkide saavutamisel.<\/p>\n<p style=\"text-align: justify;\">Viime l\u00e4bi ka ettev\u00f5tete v\u00f5i organisatsioonide poolt arvutatud s\u00fcsiniku jalaj\u00e4lje raportite auditeid, mille raames anname hinnangu arvutuste aluseks olevale metoodikale, programmidele ja algandmete korrektsusele ning anname soovitusi aruandluse l\u00e4bipaistvamaks muutmiseks ning parendamiseks.<\/p>\n[\/vc_column_text][\/vc_column][\/vc_row][vc_row][vc_column][vc_tta_accordion active_section=&#8221;22&#8243; collapsible_all=&#8221;true&#8221;][vc_tta_section title=&#8221;Valitud referentsid&#8221; tab_id=&#8221;1590076934596-d2a4eec0-74fd&#8221;][vc_column_text]\n<ul>\n<li>Kwota O\u00dc protsesside vastavuse hindamine KWOTA Standardile ning KHG v\u00e4hendamise ja s\u00fcsiniku krediidi arvutamise metoodika vastavuse hindamine ISO 14064:2019 standardile;<\/li>\n<li>RP Rigas Satiksme SIA CO<sub>2<\/sub> jalaj\u00e4lje arvutamine vastavalt KHG Protokollile, L\u00e4ti, 2022;<\/li>\n<li>Jalaj\u00e4lg AS, Sportland Eesti AS, Fifaa AS CO<sub>2<\/sub> jalaj\u00e4lje arvutamine vastavalt KHG Protokollile, Eesti, L\u00e4ti ja Leedu, 2021-2022;<\/li>\n<li>Kliimaneutraalsuse teekaardi koostamine (energiatarbimise osas) toiduainet\u00f6\u00f6stuse sektori ettev\u00f5ttele Eestis, L\u00e4tis ja Poolas, 2021-2022;<\/li>\n<li>Tallinna linna ja linnastu 2019. aasta kasvuhoonegaaside heitkoguste inventuuri koostamine, 2021;<\/li>\n<li>Eesti p\u00f5levkivi\u00f5li t\u00f6\u00f6stuse CO<sub>2<\/sub> arvutamismetoodika v\u00e4ljat\u00f6\u00f6tamine, 2017-2018;<\/li>\n<li>Eesti p\u00f5levkivi\u00f5li eriheiteteguri kasutamise eksperthinnang ja Eesti p\u00f5levkivi\u00f5li CO<sub>2<\/sub> heite arvutamise metoodika kasutamise juhendi koostamine, 2017-2018.<\/li>\n<\/ul>\n[\/vc_column_text][\/vc_tta_section][\/vc_tta_accordion][\/vc_column][\/vc_row][vc_row][vc_column][vc_column_text]\n<h1 class=\"main-title\">Keskkonnaaudit ja &#8211;<em>due diligence<\/em><\/h1>\n<p style=\"text-align: justify;\">Keskkonnaaudit \u00a0on keskkonnajuhtimise t\u00f6\u00f6riist ettev\u00f5tte v\u00f5i organisatsiooni keskkonnan\u00f5uetele vastavuse hindamisel ja juhtimiss\u00fcsteemi juurutamisel v\u00f5imalike esinevate puuduste v\u00e4ljaselgitamiseks ning keskkonnaaspektide vastavuse hindamiseks seadusandluses ja standardites toodud kriteeriumite v\u00f5i piirv\u00e4\u00e4rtustega.<\/p>\n<p style=\"text-align: justify;\">Keskkonna-alane <em>due diligence<\/em> on protsess, mille k\u00e4igus hinnatakse tegevuse, projekti, objekti v\u00f5i vara keskkonnatingimusi seoses kavandatava m\u00fc\u00fcgi, \u00fchinemise, jagunemise v\u00f5i omandamisega viisil, et huvitatud pool oleks teadlik v\u00f5imalikest keskkonna-alastest kohustustest ja vastutusest (sh hinnatakse j\u00e4tkusuutlikkuse ja kliimaneutraalsuse saavutamisega seotud aspekte, aga ka tervise-, sotsiaal- ja t\u00f6\u00f6ohutuse aspekte).<\/p>\n<p style=\"text-align: justify;\">Teostame nii keskonnaauditeid kui <em>due diligence<\/em> energeetika-, keskkonnatehnoloogia-, t\u00f6\u00f6stus- ja kinnisvarasektoris ning vajadusel koostame ka normatiivaktide ja seaduste andmebaase vastavuse t\u00f5endamiseks.<\/p>\n[\/vc_column_text][\/vc_column][\/vc_row][vc_row][vc_column][vc_tta_accordion active_section=&#8221;22&#8243; collapsible_all=&#8221;true&#8221;][vc_tta_section title=&#8221;Valitud referentsid&#8221; tab_id=&#8221;1610530222859-09a08f40-b65f&#8221;][vc_column_text]\n<ul>\n<li>Toiduanet\u00f6\u00f6stuse ettev\u00f5tte keskkonna- ja t\u00f6\u00f6ohutuse-alane audit, konfidentsiaalne, Eesti, 2022;<\/li>\n<li>Kavandatava serveripargi keskkonna-alane due diligence, L\u00e4ti, 2022;<\/li>\n<li>Eesti ja Leedu j\u00e4\u00e4tmek\u00e4itlusettev\u00f5tete keskkonna-alane due diligence, konfidentsiaalne, 2021;<\/li>\n<li>Lao- ja b\u00fcroohoone keskkonnaaudit, konfidentsiaalne, Eesti, 2021;<\/li>\n<li>T\u00f6\u00f6stusettev\u00f5tte keskkonna-alane due dilgence, konfidentsiaalne, L\u00e4ti, 2020;<\/li>\n<li>Soojuse ja elektri koostootmisjaamade, katlamajade, kaugjahutusjaamade, kaugk\u00fctte- ja jahutusv\u00f5rkude keskkonna-alane due diligence, konfidentsiaalne, Eesti, 2020;<\/li>\n<li>Katlajaamade ja kaugk\u00fcttev\u00f5rkude keskkonna-alane due diligence, konfidentsiaalne, Eesti, 2020;<\/li>\n<li>Tuulepargi (25 tuulikut) keskkonna-alane due diligence, konfidentsiaalne, Leedu, 2018.<br \/>\n<img decoding=\"async\" src=\"http:\/\/www.estivo.ee\/static\/images\/pilt_40.jpg\" alt=\"\" \/><\/li>\n<\/ul>\n[\/vc_column_text][\/vc_tta_section][\/vc_tta_accordion][\/vc_column][\/vc_row][vc_row][vc_column][vc_column_text]\n<h1>H\u00fcdrogeoloogilised uuringud ja arvutused<\/h1>\n<p style=\"text-align: justify;\"><strong>H\u00fcdrogeoloogia<\/strong> on geoloogia haru, mis uurib maap\u00f5ues oleva vee\u00a0paiknemist ja esinemisvorme, selle liikumist, ressursse ja taseme muutumist, koostist ja kujunemist. Keskne uurimisvaldkond on p\u00f5hjaveevaru\u00a0koostise ja omaduste olenevus loodus- ja tehistegureist, peamine rakenduslik eesm\u00e4rk on p\u00f5hjavee otstarbeka kasutamise v\u00f5imaluste selgitamine ning kaitsmine reostuse eest.<\/p>\n<p style=\"text-align: justify;\">Teostame h\u00fcdrogeoloogilisi uuringuid, h\u00fcdrogeoloogilisi arvutusi, p\u00f5hjaveevarude hinnanguid, kahe ja kolmem\u00f5\u00f5tmeliste h\u00fcdrogeoloogiliste mudelite koostamist, osaleme keskkonnam\u00f5jude hindamise (KMH) ekspertgrupis, pinnase ja p\u00f5hjavee seisundi hindamine normatiivide alusel ning teeme eksperthinnanguid.<\/p>\n<p style=\"text-align: justify;\">Omame h\u00fcdrogeoloogiliste t\u00f6\u00f6de tegevuslitsentsi nr. KHY000057.<\/p>\n[\/vc_column_text][\/vc_column][\/vc_row][vc_row][vc_column][vc_tta_accordion active_section=&#8221;22&#8243; collapsible_all=&#8221;true&#8221;][vc_tta_section title=&#8221;Valitud referentsid&#8221; tab_id=&#8221;1610530282491-8edac8d0-0603&#8243;][vc_column_text css=&#8221;&#8221;]\n<ul>\n<li>Tamsalu p\u00f5hjaveevaru \u00fcmberhindamine, 2024;<\/li>\n<li>Reiu veehaarde &#8211; P\u00e4rnu ja Reiu veehaarde &#8211; Tahkuranna p\u00f5hjaveevarude \u00fcmberhindamise h\u00fcdrogeoloogiline uuring, 2023;<\/li>\n<li>Balti Spoon O\u00dc p\u00f5hjaveevaru \u00fcmberhindamine, 2022;<\/li>\n<li>Kohila p\u00f5hjaveemaardla p\u00f5hjaveevaru \u00fcmberhindamine, 2022.<\/li>\n<\/ul>\n[\/vc_column_text][\/vc_tta_section][\/vc_tta_accordion][\/vc_column][\/vc_row][vc_row][vc_column][vc_column_text css=&#8221;&#8221;]\n<h1>Keskkonnaloa taotluste koostamine<\/h1>\n<p style=\"text-align: justify;\">Pakume keskkonnaloa ja selle eriosade sh v\u00e4lis\u00f5hu saasteloa taotluste koostamist ja aitame keskkonnaloa taotlemisel. Samuti aitame v\u00e4lis\u00f5hu saaste registreerimistaotluste koostamisel. V\u00e4lis\u00f5hu saasteloa taotluse lahutamatu osa on heiteallika(te)st v\u00e4lis\u00f5hku v\u00e4ljutatavate saasteainete lubatud heitkoguste projekt ehk LHK projekt, mis sisaldab kogu vajaliku dokumentatsiooni koostamist, sh k\u00e4itiste heiteallikate kindlakstegemist ja saasteainete heiteparameetrite m\u00e4\u00e4ratlemist v\u00f5i arvutusi s\u00f5ltuvalt heiteallikast ning saasteainete hajumise modelleerimist tarkvaraga Breeze AerMod ja hajumiskaartide koostamist. LHK projekt ei h\u00f5lma endas EL HKS aruannete jm dokumentatsiooni koostamist.<\/p>\n<p style=\"text-align: justify;\">Samuti aitame oma kliente saasteainete heitkoguste m\u00e4\u00e4ramisel ja heitkoguste m\u00e4\u00e4ramismetoodika valikul, kui puuduvad keskkonnaministri kinnitatud metoodikad. Pakume ka keskkonnatasude kvartalideklaratsioonide ja aastaaruannete koostamise teenust k\u00e4itise poolt esitatavate l\u00e4hteandmete alusel. Omame kogemust v\u00e4ga erineva tegevusvaldkonna keskkonnalubade koostamisel (sh p\u00f5letusseadmete k\u00e4itamine, metallit\u00f6\u00f6stus, puidut\u00f6\u00f6stus, toiduainet\u00f6\u00f6stus, keemiat\u00f6\u00f6stus jne). Meie EL HKS t\u00f5endamisklientidele keskkonnaloa taotluse koostamine ei h\u00f5lma endas EL HKS alast n\u00f5ustamist.<\/p>\n<p>&nbsp;<\/p>\n<p>&nbsp;<\/p>\n<p>&nbsp;<\/p>\n[\/vc_column_text][\/vc_column][\/vc_row][vc_row][vc_column][vc_tta_accordion active_section=&#8221;22&#8243; collapsible_all=&#8221;true&#8221;][vc_tta_section title=&#8221;Valitud referentsid&#8221; tab_id=&#8221;1610530295724-0914f309-2393&#8243;][vc_column_text]\n<ul>\n<li>Rohkem kui 150 lubatud heitkoguste projekti koostamist ja keskkonnaloa taotlemisega v\u00f5i muutmisega seotud t\u00f6\u00f6d nii energiatootmises kui erinevates t\u00f6\u00f6stusharudes.<\/li>\n<\/ul>\n[\/vc_column_text][\/vc_tta_section][\/vc_tta_accordion][\/vc_column][\/vc_row][vc_row][vc_column][vc_column_text]\n<h1>Keskkonnam\u00f5ju eelhindamine<\/h1>\n<p style=\"text-align: justify;\">Keskkonnam\u00f5ju eelhindamise eesm\u00e4rk on anda hinnang, kas kavandataval tegevusel on eeldatavalt oluline keskkonnam\u00f5ju v\u00f5i mitte. Eelhinnangut andes kirjeldatakse kavandatavat tegevust, selle asukohta ja m\u00f5jutatavat keskkonda, antakse hinnang keskkonnam\u00f5ju olulisusele ning tehakse j\u00e4reldused, milline m\u00f5ju v\u00f5ib kavandatava tegevusega kaasneda. Eelhinnang on sisendiks otsustajale (tegevusloa andjale), kas keskkonnam\u00f5ju hindamise algatamine vastavalt Keskkonnam\u00f5ju hindamise ja keskkonnajuhtimiss\u00fcsteemi seadusele on vajalik.<\/p>\n<p style=\"text-align: justify;\">Koostame keskkonnam\u00f5ju eelhinnanguid energeetika- ja t\u00f6\u00f6stussektori k\u00e4itise kohta ja n\u00f5ustame nii ettev\u00f5tteid kui ka avaliku sektori asutusi keskkonnam\u00f5ju eelhindamise l\u00e4biviimisel.<\/p>\n[\/vc_column_text][\/vc_column][\/vc_row][vc_row][vc_column][vc_tta_accordion active_section=&#8221;22&#8243; collapsible_all=&#8221;true&#8221;][vc_tta_section title=&#8221;Valitud referentsid&#8221; tab_id=&#8221;1610535388269-68103ed5-3366&#8243;][vc_column_text]\n<ul>\n<li>Keskkonna- ja sotsiaalm\u00f5ju eelhindamine kavandatavale 44 MW v\u00f5imsusega p\u00e4ikesepargile Tallinna l\u00e4heduses, 2021;<\/li>\n<li>Koostootmisjaama keskkonnam\u00f5ju eelhindamine, 2020;<\/li>\n<li>J\u00e4\u00e4tmeenergiajaama keskkonnam\u00f5ju eksperthinnang, 2017.<\/li>\n<\/ul>\n<p align=\"justify\"><img decoding=\"async\" src=\"http:\/\/www.estivo.ee\/static\/images\/pilt_40.jpg\" alt=\"\" \/><\/p>\n[\/vc_column_text][\/vc_tta_section][\/vc_tta_accordion][\/vc_column][\/vc_row][vc_row][vc_column][vc_column_text]\n<h1>Kontakt<\/h1>\n<p>Eestis:\u00a0 \u00a0 \u00a0 \u00a0 Katrin Keis\u00a0 \u00a0 \u00a0 \u00a0 \u00a0 \u00a0 \u00a0 \u00a0 \u00a0 \u00a0 \u00a0 \u00a0 \u00a0katrin.keis@nomineconsult.com<\/p>\n<p>Leedus:\u00a0 \u00a0 \u00a0 Gintvile \u017dvirblyte\u00a0 \u00a0 \u00a0 \u00a0 \u00a0 \u00a0 \u00a0 gintvile.zvirblyte@nomineconsult.com[\/vc_column_text][\/vc_column][\/vc_row]\n<\/div>","protected":false},"excerpt":{"rendered":"<p>[vc_row][vc_column][vc_column_text] S\u00fcsiniku jalaj\u00e4lg ja j\u00e4tkusuutlikkus Kliimamuutustega toimetulek, kasvuhoonegaaside heite v\u00e4hendamine ja j\u00e4tkusuutlikkus on iga ettev\u00f5tte v\u00f5i organisatsiooni jaoks olulised, et olla t\u00e4nap\u00e4eval nii globaalselt kui lokaalselt konkurentsiv\u00f5imeline ning aidata kaasa kliimamuutustega v\u00f5itlemisel. S\u00fcsiniku jalaj\u00e4lg on \u00fcks v\u00f5imalus m\u00f5\u00f5ta oma tegevuse m\u00f5jusid keskkonnale ning eriti kliimamuutusele. Aitame oma klientidel arvutada ettev\u00f5tte v\u00f5i organisatsiooni s\u00fcsiniku jalaj\u00e4lge, viia&hellip;<\/p>\n","protected":false},"author":1,"featured_media":0,"parent":958,"menu_order":0,"comment_status":"closed","ping_status":"closed","template":"templates\/left-sidebar.php","meta":{"footnotes":""},"class_list":["post-962","page","type-page","status-publish","hentry","entry","no-media"],"_links":{"self":[{"href":"https:\/\/nomineconsult.com\/et\/wp-json\/wp\/v2\/pages\/962","targetHints":{"allow":["GET"]}}],"collection":[{"href":"https:\/\/nomineconsult.com\/et\/wp-json\/wp\/v2\/pages"}],"about":[{"href":"https:\/\/nomineconsult.com\/et\/wp-json\/wp\/v2\/types\/page"}],"author":[{"embeddable":true,"href":"https:\/\/nomineconsult.com\/et\/wp-json\/wp\/v2\/users\/1"}],"replies":[{"embeddable":true,"href":"https:\/\/nomineconsult.com\/et\/wp-json\/wp\/v2\/comments?post=962"}],"version-history":[{"count":32,"href":"https:\/\/nomineconsult.com\/et\/wp-json\/wp\/v2\/pages\/962\/revisions"}],"predecessor-version":[{"id":2087,"href":"https:\/\/nomineconsult.com\/et\/wp-json\/wp\/v2\/pages\/962\/revisions\/2087"}],"up":[{"embeddable":true,"href":"https:\/\/nomineconsult.com\/et\/wp-json\/wp\/v2\/pages\/958"}],"wp:attachment":[{"href":"https:\/\/nomineconsult.com\/et\/wp-json\/wp\/v2\/media?parent=962"}],"curies":[{"name":"wp","href":"https:\/\/api.w.org\/{rel}","templated":true}]}}