{"id":952,"date":"2020-05-21T10:01:27","date_gmt":"2020-05-21T10:01:27","guid":{"rendered":"https:\/\/nomineconsult.com\/home\/"},"modified":"2026-02-09T21:11:28","modified_gmt":"2026-02-09T18:11:28","slug":"home","status":"publish","type":"page","link":"https:\/\/nomineconsult.com\/et\/","title":{"rendered":"Avaleht"},"content":{"rendered":"<div class=\"wpb-content-wrapper\">[vc_row full_width=&#8221;stretch_row&#8221; css=&#8221;.vc_custom_1590135395845{margin-top: 50px !important;}&#8221;][vc_column]<div class=\"vcex-module vcex-divider vcex-divider-solid vcex-divider-center wpex-mx-auto wpex-max-w-100 wpex-block wpex-h-0 wpex-border-b wpex-border-solid wpex-border-main\" style=\"width:100%;border-bottom-width:2px;border-color:#4f326c;\"><\/div>[vc_column_text text_align=&#8221;center&#8221; font_size=&#8221;25&#8243; color=&#8221;#4f326c&#8221;]\n<p style=\"text-align: center;\"><strong>Energia- ja keskkonna-alane n\u00f5ustamine, omanikuinseneriteenused ja kasvuhoonegaaside heitkoguste aruannete t\u00f5endamine<\/strong><\/p>\n[\/vc_column_text]<div class=\"vcex-module vcex-divider vcex-divider-solid vcex-divider-center wpex-mx-auto wpex-max-w-100 wpex-block wpex-h-0 wpex-border-b wpex-border-solid wpex-border-main\" style=\"width:100%;border-bottom-width:2px;border-color:#4f326c;\"><\/div>[\/vc_column][\/vc_row][vc_row full_width=&#8221;stretch_row&#8221; wpex_shape_divider_top=&#8221;arrow&#8221; wpex_bg_overlay=&#8221;color&#8221; wpex_shape_divider_top_color=&#8221;#ffffff&#8221; wpex_shape_divider_top_height=&#8221;50&#8243; wpex_shape_divider_top_width=&#8221;100&#8243; css=&#8221;.vc_custom_1611228115500{background: rgba(79,50,108,0.16) url(https:\/\/nomineconsult.com\/wp-content\/uploads\/2021\/01\/shutterstock_185982785-1920.jpg?id=777) !important;background-position: center !important;background-repeat: no-repeat !important;background-size: cover !important;*background-color: rgb(79,50,108) !important;}&#8221; wpex_shape_divider_top_visibility=&#8221;visible-desktop&#8221; wpex_bg_overlay_color=&#8221;#ffffff&#8221;][vc_column][vc_empty_space height=&#8221;70&#8243;]<style>.vcex-heading.vcex_69de4329eac69{color:#4f326c;font-size:35px;}<\/style><div class=\"vcex-heading vcex-heading-plain vcex-module wpex-heading wpex-text-2xl wpex-text-center vcex_69de4329eac69\"><span class=\"vcex-heading-inner wpex-inline-block\">Teenused<\/span><\/div><div class=\"vcex-module vcex-divider-dots wpex-mx-auto wpex-last-mr-0 wpex-text-center\"><span class=\"wpex-inline-block wpex-rounded-full wpex-mr-10\" style=\"background:#4f326c;\"><\/span><span class=\"wpex-inline-block wpex-rounded-full wpex-mr-10\" style=\"background:#4f326c;\"><\/span><span class=\"wpex-inline-block wpex-rounded-full wpex-mr-10\" style=\"background:#4f326c;\"><\/span><span class=\"wpex-inline-block wpex-rounded-full wpex-mr-10\" style=\"background:#4f326c;\"><\/span><span class=\"wpex-inline-block wpex-rounded-full wpex-mr-10\" style=\"background:#4f326c;\"><\/span><\/div>[vc_empty_space height=&#8221;40&#8243;][vc_row_inner equal_height=&#8221;yes&#8221;][vc_column_inner width=&#8221;1\/2&#8243;]<style>.vcex-icon-box.vcex_69de4329eb82a .vcex-icon-box-icon{font-size:40px;color:#4f326c;border-radius:50%;}<\/style><a class=\"vcex-module vcex-icon-box vcex-icon-box-two vcex-icon-box-has-link wpex-inherit-color wpex-no-underline wpex-block wpex-text-center hvr hvr-float vc_custom_1645959077933 vcex_69de4329eb82a\" href=\"\/et\/services\/energy\"><div class=\"vcex-icon-box-symbol vcex-icon-box-symbol--image wpex-mb-20\"><img width=\"2049\" height=\"1153\" src=\"https:\/\/nomineconsult.com\/wp-content\/uploads\/2022\/02\/energy-169.jpg\" class=\"vcex-icon-box-image wpex-align-middle\" alt=\"\" loading=\"lazy\" decoding=\"async\" srcset=\"https:\/\/nomineconsult.com\/wp-content\/uploads\/2022\/02\/energy-169.jpg 2049w, https:\/\/nomineconsult.com\/wp-content\/uploads\/2022\/02\/energy-169-300x169.jpg 300w, https:\/\/nomineconsult.com\/wp-content\/uploads\/2022\/02\/energy-169-1024x576.jpg 1024w, https:\/\/nomineconsult.com\/wp-content\/uploads\/2022\/02\/energy-169-768x432.jpg 768w, https:\/\/nomineconsult.com\/wp-content\/uploads\/2022\/02\/energy-169-1536x864.jpg 1536w\" sizes=\"auto, (max-width: 2049px) 100vw, 2049px\" \/><\/div><div class=\"vcex-icon-box-text\"><h2 class=\"vcex-icon-box-heading wpex-heading wpex-text-md wpex-mb-10\">Energeetika-alane n\u00f5ustamine<\/h2><div class=\"vcex-icon-box-content wpex-last-mb-0 wpex-clr\"><p style=\"text-align: justify\">Energeetika on olnud meie ettev\u00f5tte p\u00f5hitegevusala alates tegevuse alustamisest 1993. aastal. Meie eesm\u00e4rk on aidata oma klientidel leida j\u00e4tkusuutlikke lahendusi nii suurematele kui ka v\u00e4iksematele energiaga seotud probleemidele, mis v\u00f5ivad tekkida projekti arendamise erinevates faasides. Anname oma klientidele igap\u00e4evaselt asjatundlikku, erapooletut ja uuenduslikku n\u00f5u energiaga seotud k\u00fcsimustes. Oleme energiavaldkonnas oma klientide ja partnerite esimene valik.<\/p>\n<\/div><\/div><\/a><style>.vcex-icon-box.vcex_69de4329ec559 .vcex-icon-box-icon{font-size:40px;color:#4f326c;}<\/style><a class=\"vcex-module vcex-icon-box vcex-icon-box-two vcex-icon-box-has-link wpex-inherit-color wpex-no-underline wpex-block wpex-text-center hvr hvr-float vc_custom_1646063235016 vcex_69de4329ec559\" href=\"\/et\/services\/owners-engineering-services\/\"><div class=\"vcex-icon-box-symbol vcex-icon-box-symbol--image wpex-mb-20\"><img width=\"2048\" height=\"1152\" src=\"https:\/\/nomineconsult.com\/wp-content\/uploads\/2022\/02\/engineer-169.jpg\" class=\"vcex-icon-box-image wpex-align-middle\" alt=\"\" loading=\"lazy\" decoding=\"async\" srcset=\"https:\/\/nomineconsult.com\/wp-content\/uploads\/2022\/02\/engineer-169.jpg 2048w, https:\/\/nomineconsult.com\/wp-content\/uploads\/2022\/02\/engineer-169-300x169.jpg 300w, https:\/\/nomineconsult.com\/wp-content\/uploads\/2022\/02\/engineer-169-1024x576.jpg 1024w, https:\/\/nomineconsult.com\/wp-content\/uploads\/2022\/02\/engineer-169-768x432.jpg 768w, https:\/\/nomineconsult.com\/wp-content\/uploads\/2022\/02\/engineer-169-1536x864.jpg 1536w\" sizes=\"auto, (max-width: 2048px) 100vw, 2048px\" \/><\/div><div class=\"vcex-icon-box-text\"><h2 class=\"vcex-icon-box-heading wpex-heading wpex-text-md wpex-mb-10\">Omanikuinseneriteenused<\/h2><div class=\"vcex-icon-box-content wpex-last-mb-0 wpex-clr\"><p style=\"text-align: justify\">Omanikuinseneri- ja projektijuhtimise teenuseid oleme pakkunud alates 2001. aastast, mil alustati suuremahuliste elektritootmisv\u00f5imsuste renoveerimisega ja biok\u00fctusel t\u00f6\u00f6tavad koostootmisjaamad olid juba idee tasemel. Sellest ajast peale on meie meeskonna liikmed pidevalt osalenud erinevate elektrijaamade ja katlamajade ehitamisel, mis on v\u00f5imaldanud meil oma p\u00e4devusi arendada. T\u00e4nu pikaajalisele kogemusele saame pakkuda kvaliteetseid teenuseid nagu projektide ekspertiis, mehaanika-, keevitus-, elektri-, automaatika, ehitus- ja SHEQ (ohutuse-, tervise-, keskkonna- ja kvaliteedi-) j\u00e4relevalve. Meie projektijuhtimise ja -j\u00e4relevalve v\u00f5imekus on t\u00f5estatud erinevates EPCM-i (projekteerimine, hankimine, ehitusjuhtimine) projektides nii Balti riikides kui ka mujal maailmas.<\/p>\n<\/div><\/div><\/a>[\/vc_column_inner][vc_column_inner width=&#8221;1\/2&#8243;]<style>.vcex-icon-box.vcex_69de4329ed1b0 .vcex-icon-box-icon{font-size:40px;color:#4f326c;}<\/style><a class=\"vcex-module vcex-icon-box vcex-icon-box-two vcex-icon-box-has-link wpex-inherit-color wpex-no-underline wpex-block wpex-text-center hvr hvr-float vc_custom_1744715097196 vcex_69de4329ed1b0\" href=\"\/et\/services\/environmental-advisory\"><div class=\"vcex-icon-box-symbol vcex-icon-box-symbol--image wpex-mb-20\"><img width=\"2048\" height=\"1152\" src=\"https:\/\/nomineconsult.com\/wp-content\/uploads\/2022\/02\/env16-19.jpg\" class=\"vcex-icon-box-image wpex-align-middle\" alt=\"\" loading=\"lazy\" decoding=\"async\" srcset=\"https:\/\/nomineconsult.com\/wp-content\/uploads\/2022\/02\/env16-19.jpg 2048w, https:\/\/nomineconsult.com\/wp-content\/uploads\/2022\/02\/env16-19-300x169.jpg 300w, https:\/\/nomineconsult.com\/wp-content\/uploads\/2022\/02\/env16-19-1024x576.jpg 1024w, https:\/\/nomineconsult.com\/wp-content\/uploads\/2022\/02\/env16-19-768x432.jpg 768w, https:\/\/nomineconsult.com\/wp-content\/uploads\/2022\/02\/env16-19-1536x864.jpg 1536w\" sizes=\"auto, (max-width: 2048px) 100vw, 2048px\" \/><\/div><div class=\"vcex-icon-box-text\"><h2 class=\"vcex-icon-box-heading wpex-heading wpex-text-md wpex-mb-10\">Keskkonna-alane n\u00f5ustamine<\/h2><div class=\"vcex-icon-box-content wpex-last-mb-0 wpex-clr\"><p style=\"text-align: justify\">Oleme keskkonnaga seotud teenuseid tegutsemise algusest alates pidevalt arendanud. Meie peamised keskkonna-alased teenused on s\u00fcsiniku jalaj\u00e4lje arvutamise ja v\u00e4hendamise ning s\u00fcsinikuneutraalsuse saavutamise ja j\u00e4tkusuutlikkuse alane n\u00f5ustamine, keskkonnaauditid (due diligence), samuti keskkonnalubadega seotud teenused ja lubatud heitkoguste arvutamine. Meie uusim teenus on h\u00fcdrogeoloogilised uuringud, -arvutused ja n\u00f5ustamine.<\/p>\n<\/div><\/div><\/a><style>.vcex-icon-box.vcex_69de4329ede45 .vcex-icon-box-icon{font-size:40px;color:#4f326c;}<\/style><a class=\"vcex-module vcex-icon-box vcex-icon-box-two vcex-icon-box-has-link wpex-inherit-color wpex-no-underline wpex-block wpex-text-center hvr hvr-float vc_custom_1668681517096 vcex_69de4329ede45\" href=\"\/et\/services\/greenhouse-gas-emission-reports-verification\/\"><div class=\"vcex-icon-box-symbol vcex-icon-box-symbol--image wpex-mb-20\"><img width=\"2048\" height=\"1152\" src=\"https:\/\/nomineconsult.com\/wp-content\/uploads\/2022\/02\/khg-169.jpg\" class=\"vcex-icon-box-image wpex-align-middle\" alt=\"\" loading=\"lazy\" decoding=\"async\" srcset=\"https:\/\/nomineconsult.com\/wp-content\/uploads\/2022\/02\/khg-169.jpg 2048w, https:\/\/nomineconsult.com\/wp-content\/uploads\/2022\/02\/khg-169-300x169.jpg 300w, https:\/\/nomineconsult.com\/wp-content\/uploads\/2022\/02\/khg-169-1024x576.jpg 1024w, https:\/\/nomineconsult.com\/wp-content\/uploads\/2022\/02\/khg-169-768x432.jpg 768w, https:\/\/nomineconsult.com\/wp-content\/uploads\/2022\/02\/khg-169-1536x864.jpg 1536w\" sizes=\"auto, (max-width: 2048px) 100vw, 2048px\" \/><\/div><div class=\"vcex-icon-box-text\"><h2 class=\"vcex-icon-box-heading wpex-heading wpex-text-md wpex-mb-10\">Kasvuhoonegaaside heitkoguste aruannete t\u00f5endamine<\/h2><div class=\"vcex-icon-box-content wpex-last-mb-0 wpex-clr\"><p style=\"text-align: justify\">Nomine Consult O\u00dc on kasvuhoonegaaside (KHG) heitkoguste ja tootmistasemete aruannete ametlik t\u00f5endamisasutus, mis on Eesti Akrediteerimiskeskuse poolt akrediteeritud alates 2012. aastast. Akrediteerimise ulatus on kasvuhoonegaaside heitkoguste aruannete t\u00f5endamine vastavalt atmosf\u00e4\u00e4ri\u00f5hu kaitse seadusele, EU ETS direktiivile 2003\/87\/EC ja komisjoni m\u00e4\u00e4rusele (EL) nr 2018\/2067 tegevuskategooriates 1a (k\u00fctuste p\u00f5letamine k\u00e4itistes, kus kasutatakse ainult m\u00e4\u00e4ruses (EL) nr 2018\/2066 m\u00e4\u00e4ratletud kaubanduslikke standardk\u00fctuseid v\u00f5i kus kasutatakse maagaasi A- v\u00f5i B-kategooria k\u00e4itistes), 1b (k\u00fctuste p\u00f5letamine k\u00e4itistes, piiranguteta), 2 (mineraal\u00f5li rafineerimine), 6 (lubja tootmine) ja 98 (muud tegevused vastavalt direktiivi 2003\/87\/EC artiklile 10a).<\/p>\n<\/div><\/div><\/a>[\/vc_column_inner][\/vc_row_inner][\/vc_column][\/vc_row][vc_row css=&#8221;.vc_custom_1590080709360{margin-top: 50px !important;}&#8221;][vc_column]<style>.vcex-heading.vcex_69de4329ee976{color:#4f326c;font-size:35px;}<\/style><div class=\"vcex-heading vcex-heading-plain vcex-module wpex-heading wpex-text-2xl wpex-text-center vcex_69de4329ee976\"><span class=\"vcex-heading-inner wpex-inline-block\">Ettev\u00f5ttest<\/span><\/div><style> style=\"padding-block-end:30px;\"<\/style><div class=\"vcex-module vcex-divider-dots wpex-mx-auto wpex-last-mr-0 wpex-text-center\" style=\"padding-block-end:30px;\"><span class=\"wpex-inline-block wpex-rounded-full wpex-mr-10\" style=\"background:#4f326c;\"><\/span><span class=\"wpex-inline-block wpex-rounded-full wpex-mr-10\" style=\"background:#4f326c;\"><\/span><span class=\"wpex-inline-block wpex-rounded-full wpex-mr-10\" style=\"background:#4f326c;\"><\/span><span class=\"wpex-inline-block wpex-rounded-full wpex-mr-10\" style=\"background:#4f326c;\"><\/span><span class=\"wpex-inline-block wpex-rounded-full wpex-mr-10\" style=\"background:#4f326c;\"><\/span><\/div>[vc_column_text css=&#8221;&#8221;]\n<p style=\"text-align: justify;\">Nomine Consult on konsultatsiooni- ja n\u00f5ustamisettev\u00f5te kontoritega Tallinnas ja V\u00f5rus ning Vilniuses. Ettev\u00f5te asutati algselt 1993. aastal Tallinnas. P\u00e4rast sarnase ettev\u00f5ttega \u00fchinemist, mis alustas 2006. aastal Vilniuses, muutis ettev\u00f5te 2017. aastal nime Nomine Consult&#8217;iks. 2025. aasta aprillis \u00fchinesime Elomatic Groupiga.<\/p>\n<p style=\"text-align: justify;\">Meie Eesti ja Leedu kontorites t\u00f6\u00f6tab \u00fcle 30 professionaalse ja kogenud n\u00f5ustaja ning konsultandi, kellest enamik on soojus-, elektri-, k\u00fctte-, ventilatsiooni-, mehaanika-, ehitus- ja keskkonnainsenerid. Nii Eestis kui Leedus oleme tuntud ja tunnustatud professionaalsete n\u00f5ustamisteenuste pakkujatena.<\/p>\n<p style=\"text-align: justify;\">Pakume oma klientidele energia- ja keskkonna-alaseid n\u00f5ustamisteenuseid, omanikuinseneriteenuseid ning kasvuhoonegaaside heitkoguste aruannete t\u00f5endamist. Meie teenused p\u00f5hinevad p\u00e4devusel ja professionaalse vastutuse tunnetamisel. Nomine Consult on meie klientide esimene valik, sest nad saavad usaldada meie p\u00f5hiv\u00e4\u00e4rtusi \u2013 k\u00f5rget \u00e4rieetikat, s\u00f5ltumatust, erapooletust, t\u00e4psust, konfidentsiaalsust ja j\u00e4tkusuutlikkust.<\/p>\n<p style=\"text-align: justify;\">Nomine Consult\u2019i kvaliteedi- ja keskkonnajuhtimiss\u00fcsteemid on sertifitseeritud Kiwa Eesti O\u00dc poolt ja vastavad ISO 9001:2015 ja 14001:2015 standarditele.<\/p>\n[\/vc_column_text][\/vc_column][\/vc_row]\n<\/div>","protected":false},"excerpt":{"rendered":"<p>[vc_row full_width=&#8221;stretch_row&#8221; css=&#8221;.vc_custom_1590135395845{margin-top: 50px !important;}&#8221;][vc_column][vc_column_text text_align=&#8221;center&#8221; font_size=&#8221;25&#8243; color=&#8221;#4f326c&#8221;] Energia- ja keskkonna-alane n\u00f5ustamine, omanikuinseneriteenused ja kasvuhoonegaaside heitkoguste aruannete t\u00f5endamine [\/vc_column_text][\/vc_column][\/vc_row][vc_row full_width=&#8221;stretch_row&#8221; wpex_shape_divider_top=&#8221;arrow&#8221; wpex_bg_overlay=&#8221;color&#8221; wpex_shape_divider_top_color=&#8221;#ffffff&#8221; wpex_shape_divider_top_height=&#8221;50&#8243; wpex_shape_divider_top_width=&#8221;100&#8243; css=&#8221;.vc_custom_1611228115500{background: rgba(79,50,108,0.16) url(https:\/\/nomineconsult.com\/wp-content\/uploads\/2021\/01\/shutterstock_185982785-1920.jpg?id=777) !important;background-position: center !important;background-repeat: no-repeat !important;background-size: cover !important;*background-color: rgb(79,50,108) !important;}&#8221; wpex_shape_divider_top_visibility=&#8221;visible-desktop&#8221; wpex_bg_overlay_color=&#8221;#ffffff&#8221;][vc_column][vc_empty_space height=&#8221;70&#8243;][vc_empty_space height=&#8221;40&#8243;][vc_row_inner equal_height=&#8221;yes&#8221;][vc_column_inner width=&#8221;1\/2&#8243;][\/vc_column_inner][vc_column_inner width=&#8221;1\/2&#8243;][\/vc_column_inner][\/vc_row_inner][\/vc_column][\/vc_row][vc_row css=&#8221;.vc_custom_1590080709360{margin-top: 50px !important;}&#8221;][vc_column][vc_column_text css=&#8221;&#8221;] Nomine Consult on konsultatsiooni- ja n\u00f5ustamisettev\u00f5te kontoritega&hellip;<\/p>\n","protected":false},"author":1,"featured_media":0,"parent":0,"menu_order":0,"comment_status":"closed","ping_status":"closed","template":"","meta":{"footnotes":""},"class_list":["post-952","page","type-page","status-publish","hentry","entry","no-media"],"_links":{"self":[{"href":"https:\/\/nomineconsult.com\/et\/wp-json\/wp\/v2\/pages\/952","targetHints":{"allow":["GET"]}}],"collection":[{"href":"https:\/\/nomineconsult.com\/et\/wp-json\/wp\/v2\/pages"}],"about":[{"href":"https:\/\/nomineconsult.com\/et\/wp-json\/wp\/v2\/types\/page"}],"author":[{"embeddable":true,"href":"https:\/\/nomineconsult.com\/et\/wp-json\/wp\/v2\/users\/1"}],"replies":[{"embeddable":true,"href":"https:\/\/nomineconsult.com\/et\/wp-json\/wp\/v2\/comments?post=952"}],"version-history":[{"count":85,"href":"https:\/\/nomineconsult.com\/et\/wp-json\/wp\/v2\/pages\/952\/revisions"}],"predecessor-version":[{"id":2216,"href":"https:\/\/nomineconsult.com\/et\/wp-json\/wp\/v2\/pages\/952\/revisions\/2216"}],"wp:attachment":[{"href":"https:\/\/nomineconsult.com\/et\/wp-json\/wp\/v2\/media?parent=952"}],"curies":[{"name":"wp","href":"https:\/\/api.w.org\/{rel}","templated":true}]}}